{"id":313,"date":"2020-03-18T14:46:21","date_gmt":"2020-03-18T14:46:21","guid":{"rendered":"https:\/\/xtralife-ec.com\/producto\/shaving-kit\/"},"modified":"2023-09-21T19:21:55","modified_gmt":"2023-09-21T19:21:55","slug":"balanced-b","status":"publish","type":"product","link":"https:\/\/xtralife-ec.com\/en\/product\/balanced-b\/","title":{"rendered":"Balanced B"},"content":{"rendered":"<p><b><i>Benefits the <a href=\"https:\/\/xtralife-ec.com\/en\/product\/balanced-b\/\">Balanced B\u00a0<\/a><\/i><\/b><\/p>\n<ul>\n<li>Vitamins B3, B5, B6 contribute to the reduction of tiredness and fatigue.<\/li>\n<li>Vitamin E contributes to the protection of cellular components against oxidative stress.<\/li>\n<li>Vitamin B2 helps the transformation of food into energy and the absorption of proteins, fats and carbohydrates.<\/li>\n<li>Biotin is beneficial for the maintenance of the skin and other organs, in the process of obtaining fats in the body.<\/li>\n<li>Folic acid is important for the functioning of the nervous system and the formation of new cells.<\/li>\n<li>Vitamin B12 is involved in the formation of red blood cells, contributes to the normal development of the nervous system and to the proper functioning of the gastrointestinal tract.<\/li>\n<li>Choline bitartrate is a source of choline, which is necessary for memory and mood regulation, muscle control and other functions.<\/li>\n<li>Balanced B nourishes your body with key nutrients to boost energy, support <a href=\"https:\/\/www.aarp.org\/espanol\/salud\/salud-cerebral\/\">brain health<\/a> and maintain a strong immune system.<\/li>\n<\/ul>","protected":false},"excerpt":{"rendered":"<p><b><i>Description<\/i><\/b><\/p>\n<p>These capsules provide you with a unique combination of essential B vitamins designed to optimize your physical and mental well-being. With each dose, you nourish your body with key nutrients to boost energy, support brain health and maintain a strong immune system.<\/p>\n<p><b><i>Dose:<\/i><\/b> Adults, 1 tablet per day with<br \/>\nmeals<br \/>\n<b><i>Health Notification:<\/i><\/b> 12254-ALE-0120<\/p>","protected":false},"featured_media":2288,"comment_status":"closed","ping_status":"closed","template":"","meta":{"_uag_custom_page_level_css":"","site-sidebar-layout":"no-sidebar","site-content-layout":"boxed-container","ast-site-content-layout":"normal-width-container","site-content-style":"boxed","site-sidebar-style":"boxed","ast-global-header-display":"","ast-banner-title-visibility":"","ast-main-header-display":"","ast-hfb-above-header-display":"","ast-hfb-below-header-display":"","ast-hfb-mobile-header-display":"","site-post-title":"","ast-breadcrumbs-content":"","ast-featured-img":"","footer-sml-layout":"","ast-disable-related-posts":"","theme-transparent-header-meta":"default","adv-header-id-meta":"","stick-header-meta":"","header-above-stick-meta":"","header-main-stick-meta":"","header-below-stick-meta":"","astra-migrate-meta-layouts":"set","ast-page-background-enabled":"default","ast-page-background-meta":{"desktop":{"background-color":"","background-image":"","background-repeat":"repeat","background-position":"center center","background-size":"auto","background-attachment":"scroll","background-type":"","background-media":"","overlay-type":"","overlay-color":"","overlay-opacity":"","overlay-gradient":""},"tablet":{"background-color":"","background-image":"","background-repeat":"repeat","background-position":"center center","background-size":"auto","background-attachment":"scroll","background-type":"","background-media":"","overlay-type":"","overlay-color":"","overlay-opacity":"","overlay-gradient":""},"mobile":{"background-color":"","background-image":"","background-repeat":"repeat","background-position":"center center","background-size":"auto","background-attachment":"scroll","background-type":"","background-media":"","overlay-type":"","overlay-color":"","overlay-opacity":"","overlay-gradient":""}},"ast-content-background-meta":{"desktop":{"background-color":"var(--ast-global-color-5)","background-image":"","background-repeat":"repeat","background-position":"center center","background-size":"auto","background-attachment":"scroll","background-type":"","background-media":"","overlay-type":"","overlay-color":"","overlay-opacity":"","overlay-gradient":""},"tablet":{"background-color":"var(--ast-global-color-5)","background-image":"","background-repeat":"repeat","background-position":"center center","background-size":"auto","background-attachment":"scroll","background-type":"","background-media":"","overlay-type":"","overlay-color":"","overlay-opacity":"","overlay-gradient":""},"mobile":{"background-color":"var(--ast-global-color-5)","background-image":"","background-repeat":"repeat","background-position":"center center","background-size":"auto","background-attachment":"scroll","background-type":"","background-media":"","overlay-type":"","overlay-color":"","overlay-opacity":"","overlay-gradient":""}}},"product_brand":[],"product_cat":[35],"product_tag":[],"class_list":{"0":"post-313","1":"product","2":"type-product","3":"status-publish","4":"has-post-thumbnail","6":"product_cat-suplementos-alimenticios","7":"desktop-align-left","8":"tablet-align-left","9":"mobile-align-left","11":"first","12":"instock","13":"shipping-taxable","14":"purchasable","15":"product-type-simple"},"yoast_head":"<!-- This site is optimized with the Yoast SEO plugin v27.4 - https:\/\/yoast.com\/product\/yoast-seo-wordpress\/ -->\n<title>Balanced B - Xtralife<\/title>\n<meta name=\"description\" content=\"Con Balanced B nutres tu cuerpo con nutrientes clave para aumentar la energ\u00eda, apoyar la salud cerebral y mantener un sistema inmunol\u00f3gico fuerte\" \/>\n<meta name=\"robots\" content=\"index, follow, max-snippet:-1, max-image-preview:large, max-video-preview:-1\" \/>\n<link rel=\"canonical\" href=\"https:\/\/xtralife-ec.com\/en\/product\/balanced-b\/\" \/>\n<meta property=\"og:locale\" content=\"en_US\" \/>\n<meta property=\"og:type\" content=\"article\" \/>\n<meta property=\"og:title\" content=\"Balanced B - Xtralife\" \/>\n<meta property=\"og:description\" content=\"Con Balanced B nutres tu cuerpo con nutrientes clave para aumentar la energ\u00eda, apoyar la salud cerebral y mantener un sistema inmunol\u00f3gico fuerte\" \/>\n<meta property=\"og:url\" content=\"https:\/\/xtralife-ec.com\/en\/product\/balanced-b\/\" \/>\n<meta property=\"og:site_name\" content=\"Xtralife\" \/>\n<meta property=\"article:publisher\" content=\"https:\/\/www.facebook.com\/XTRALIFEecuador\" \/>\n<meta property=\"article:modified_time\" content=\"2023-09-21T19:21:55+00:00\" \/>\n<meta property=\"og:image\" content=\"https:\/\/i0.wp.com\/xtralife-ec.com\/wp-content\/uploads\/2020\/03\/Balanced-B.webp?fit=2400%2C2400&ssl=1\" \/>\n\t<meta property=\"og:image:width\" content=\"2400\" \/>\n\t<meta property=\"og:image:height\" content=\"2400\" \/>\n\t<meta property=\"og:image:type\" content=\"image\/webp\" \/>\n<meta name=\"twitter:card\" content=\"summary_large_image\" \/>\n<meta name=\"twitter:label1\" content=\"Est. reading time\" \/>\n\t<meta name=\"twitter:data1\" content=\"1 minute\" \/>\n<script type=\"application\/ld+json\" class=\"yoast-schema-graph\">{\"@context\":\"https:\\\/\\\/schema.org\",\"@graph\":[{\"@type\":\"WebPage\",\"@id\":\"https:\\\/\\\/xtralife-ec.com\\\/producto\\\/balanced-b\\\/\",\"url\":\"https:\\\/\\\/xtralife-ec.com\\\/producto\\\/balanced-b\\\/\",\"name\":\"Balanced B - Xtralife\",\"isPartOf\":{\"@id\":\"https:\\\/\\\/xtralife-ec.com\\\/#website\"},\"primaryImageOfPage\":{\"@id\":\"https:\\\/\\\/xtralife-ec.com\\\/producto\\\/balanced-b\\\/#primaryimage\"},\"image\":{\"@id\":\"https:\\\/\\\/xtralife-ec.com\\\/producto\\\/balanced-b\\\/#primaryimage\"},\"thumbnailUrl\":\"https:\\\/\\\/i0.wp.com\\\/xtralife-ec.com\\\/wp-content\\\/uploads\\\/2020\\\/03\\\/Balanced-B.webp?fit=2400%2C2400&ssl=1\",\"datePublished\":\"2020-03-18T14:46:21+00:00\",\"dateModified\":\"2023-09-21T19:21:55+00:00\",\"description\":\"Con Balanced B nutres tu cuerpo con nutrientes clave para aumentar la energ\u00eda, apoyar la salud cerebral y mantener un sistema inmunol\u00f3gico fuerte\",\"breadcrumb\":{\"@id\":\"https:\\\/\\\/xtralife-ec.com\\\/producto\\\/balanced-b\\\/#breadcrumb\"},\"inLanguage\":\"en-US\",\"potentialAction\":[{\"@type\":\"ReadAction\",\"target\":[\"https:\\\/\\\/xtralife-ec.com\\\/producto\\\/balanced-b\\\/\"]}]},{\"@type\":\"ImageObject\",\"inLanguage\":\"en-US\",\"@id\":\"https:\\\/\\\/xtralife-ec.com\\\/producto\\\/balanced-b\\\/#primaryimage\",\"url\":\"https:\\\/\\\/i0.wp.com\\\/xtralife-ec.com\\\/wp-content\\\/uploads\\\/2020\\\/03\\\/Balanced-B.webp?fit=2400%2C2400&ssl=1\",\"contentUrl\":\"https:\\\/\\\/i0.wp.com\\\/xtralife-ec.com\\\/wp-content\\\/uploads\\\/2020\\\/03\\\/Balanced-B.webp?fit=2400%2C2400&ssl=1\",\"width\":2400,\"height\":2400},{\"@type\":\"BreadcrumbList\",\"@id\":\"https:\\\/\\\/xtralife-ec.com\\\/producto\\\/balanced-b\\\/#breadcrumb\",\"itemListElement\":[{\"@type\":\"ListItem\",\"position\":1,\"name\":\"Portada\",\"item\":\"https:\\\/\\\/xtralife-ec.com\\\/\"},{\"@type\":\"ListItem\",\"position\":2,\"name\":\"Tienda\",\"item\":\"https:\\\/\\\/xtralife-ec.com\\\/tienda\\\/\"},{\"@type\":\"ListItem\",\"position\":3,\"name\":\"Balanced B\"}]},{\"@type\":\"WebSite\",\"@id\":\"https:\\\/\\\/xtralife-ec.com\\\/#website\",\"url\":\"https:\\\/\\\/xtralife-ec.com\\\/\",\"name\":\"Xtralife\",\"description\":\"\",\"publisher\":{\"@id\":\"https:\\\/\\\/xtralife-ec.com\\\/#organization\"},\"potentialAction\":[{\"@type\":\"SearchAction\",\"target\":{\"@type\":\"EntryPoint\",\"urlTemplate\":\"https:\\\/\\\/xtralife-ec.com\\\/?s={search_term_string}\"},\"query-input\":{\"@type\":\"PropertyValueSpecification\",\"valueRequired\":true,\"valueName\":\"search_term_string\"}}],\"inLanguage\":\"en-US\"},{\"@type\":\"Organization\",\"@id\":\"https:\\\/\\\/xtralife-ec.com\\\/#organization\",\"name\":\"Xtralife\",\"url\":\"https:\\\/\\\/xtralife-ec.com\\\/\",\"logo\":{\"@type\":\"ImageObject\",\"inLanguage\":\"en-US\",\"@id\":\"https:\\\/\\\/xtralife-ec.com\\\/#\\\/schema\\\/logo\\\/image\\\/\",\"url\":\"https:\\\/\\\/i0.wp.com\\\/xtralife-ec.com\\\/wp-content\\\/uploads\\\/2023\\\/06\\\/cropped-cropped-Logopaginaweb-3.png?fit=512%2C303&ssl=1\",\"contentUrl\":\"https:\\\/\\\/i0.wp.com\\\/xtralife-ec.com\\\/wp-content\\\/uploads\\\/2023\\\/06\\\/cropped-cropped-Logopaginaweb-3.png?fit=512%2C303&ssl=1\",\"width\":512,\"height\":303,\"caption\":\"Xtralife\"},\"image\":{\"@id\":\"https:\\\/\\\/xtralife-ec.com\\\/#\\\/schema\\\/logo\\\/image\\\/\"},\"sameAs\":[\"https:\\\/\\\/www.facebook.com\\\/XTRALIFEecuador\",\"https:\\\/\\\/www.instagram.com\\\/xtralife_vitaminas\\\/\",\"https:\\\/\\\/www.tiktok.com\\\/@xtralifevitaminas\"]}]}<\/script>\n<!-- \/ Yoast SEO plugin. -->","yoast_head_json":{"title":"Balanced B - Xtralife","description":"Con Balanced B nutres tu cuerpo con nutrientes clave para aumentar la energ\u00eda, apoyar la salud cerebral y mantener un sistema inmunol\u00f3gico fuerte","robots":{"index":"index","follow":"follow","max-snippet":"max-snippet:-1","max-image-preview":"max-image-preview:large","max-video-preview":"max-video-preview:-1"},"canonical":"https:\/\/xtralife-ec.com\/en\/product\/balanced-b\/","og_locale":"en_US","og_type":"article","og_title":"Balanced B - Xtralife","og_description":"Con Balanced B nutres tu cuerpo con nutrientes clave para aumentar la energ\u00eda, apoyar la salud cerebral y mantener un sistema inmunol\u00f3gico fuerte","og_url":"https:\/\/xtralife-ec.com\/en\/product\/balanced-b\/","og_site_name":"Xtralife","article_publisher":"https:\/\/www.facebook.com\/XTRALIFEecuador","article_modified_time":"2023-09-21T19:21:55+00:00","og_image":[{"width":2400,"height":2400,"url":"https:\/\/i0.wp.com\/xtralife-ec.com\/wp-content\/uploads\/2020\/03\/Balanced-B.webp?fit=2400%2C2400&ssl=1","type":"image\/webp"}],"twitter_card":"summary_large_image","twitter_misc":{"Est. reading time":"1 minute"},"schema":{"@context":"https:\/\/schema.org","@graph":[{"@type":"WebPage","@id":"https:\/\/xtralife-ec.com\/producto\/balanced-b\/","url":"https:\/\/xtralife-ec.com\/producto\/balanced-b\/","name":"Balanced B - Xtralife","isPartOf":{"@id":"https:\/\/xtralife-ec.com\/#website"},"primaryImageOfPage":{"@id":"https:\/\/xtralife-ec.com\/producto\/balanced-b\/#primaryimage"},"image":{"@id":"https:\/\/xtralife-ec.com\/producto\/balanced-b\/#primaryimage"},"thumbnailUrl":"https:\/\/i0.wp.com\/xtralife-ec.com\/wp-content\/uploads\/2020\/03\/Balanced-B.webp?fit=2400%2C2400&ssl=1","datePublished":"2020-03-18T14:46:21+00:00","dateModified":"2023-09-21T19:21:55+00:00","description":"Con Balanced B nutres tu cuerpo con nutrientes clave para aumentar la energ\u00eda, apoyar la salud cerebral y mantener un sistema inmunol\u00f3gico fuerte","breadcrumb":{"@id":"https:\/\/xtralife-ec.com\/producto\/balanced-b\/#breadcrumb"},"inLanguage":"en-US","potentialAction":[{"@type":"ReadAction","target":["https:\/\/xtralife-ec.com\/producto\/balanced-b\/"]}]},{"@type":"ImageObject","inLanguage":"en-US","@id":"https:\/\/xtralife-ec.com\/producto\/balanced-b\/#primaryimage","url":"https:\/\/i0.wp.com\/xtralife-ec.com\/wp-content\/uploads\/2020\/03\/Balanced-B.webp?fit=2400%2C2400&ssl=1","contentUrl":"https:\/\/i0.wp.com\/xtralife-ec.com\/wp-content\/uploads\/2020\/03\/Balanced-B.webp?fit=2400%2C2400&ssl=1","width":2400,"height":2400},{"@type":"BreadcrumbList","@id":"https:\/\/xtralife-ec.com\/producto\/balanced-b\/#breadcrumb","itemListElement":[{"@type":"ListItem","position":1,"name":"Portada","item":"https:\/\/xtralife-ec.com\/"},{"@type":"ListItem","position":2,"name":"Tienda","item":"https:\/\/xtralife-ec.com\/tienda\/"},{"@type":"ListItem","position":3,"name":"Balanced B"}]},{"@type":"WebSite","@id":"https:\/\/xtralife-ec.com\/#website","url":"https:\/\/xtralife-ec.com\/","name":"Xtralife","description":"","publisher":{"@id":"https:\/\/xtralife-ec.com\/#organization"},"potentialAction":[{"@type":"SearchAction","target":{"@type":"EntryPoint","urlTemplate":"https:\/\/xtralife-ec.com\/?s={search_term_string}"},"query-input":{"@type":"PropertyValueSpecification","valueRequired":true,"valueName":"search_term_string"}}],"inLanguage":"en-US"},{"@type":"Organization","@id":"https:\/\/xtralife-ec.com\/#organization","name":"Xtralife","url":"https:\/\/xtralife-ec.com\/","logo":{"@type":"ImageObject","inLanguage":"en-US","@id":"https:\/\/xtralife-ec.com\/#\/schema\/logo\/image\/","url":"https:\/\/i0.wp.com\/xtralife-ec.com\/wp-content\/uploads\/2023\/06\/cropped-cropped-Logopaginaweb-3.png?fit=512%2C303&ssl=1","contentUrl":"https:\/\/i0.wp.com\/xtralife-ec.com\/wp-content\/uploads\/2023\/06\/cropped-cropped-Logopaginaweb-3.png?fit=512%2C303&ssl=1","width":512,"height":303,"caption":"Xtralife"},"image":{"@id":"https:\/\/xtralife-ec.com\/#\/schema\/logo\/image\/"},"sameAs":["https:\/\/www.facebook.com\/XTRALIFEecuador","https:\/\/www.instagram.com\/xtralife_vitaminas\/","https:\/\/www.tiktok.com\/@xtralifevitaminas"]}]}},"uagb_featured_image_src":{"full":["https:\/\/i0.wp.com\/xtralife-ec.com\/wp-content\/uploads\/2020\/03\/Balanced-B.webp?fit=2400%2C2400&ssl=1",2400,2400,false],"thumbnail":["https:\/\/i0.wp.com\/xtralife-ec.com\/wp-content\/uploads\/2020\/03\/Balanced-B.webp?resize=150%2C150&ssl=1",150,150,true],"medium":["https:\/\/i0.wp.com\/xtralife-ec.com\/wp-content\/uploads\/2020\/03\/Balanced-B.webp?fit=300%2C300&ssl=1",300,300,true],"medium_large":["https:\/\/i0.wp.com\/xtralife-ec.com\/wp-content\/uploads\/2020\/03\/Balanced-B.webp?fit=768%2C768&ssl=1",768,768,true],"large":["https:\/\/i0.wp.com\/xtralife-ec.com\/wp-content\/uploads\/2020\/03\/Balanced-B.webp?fit=1024%2C1024&ssl=1",1024,1024,true],"1536x1536":["https:\/\/i0.wp.com\/xtralife-ec.com\/wp-content\/uploads\/2020\/03\/Balanced-B.webp?fit=1536%2C1536&ssl=1",1536,1536,true],"2048x2048":["https:\/\/i0.wp.com\/xtralife-ec.com\/wp-content\/uploads\/2020\/03\/Balanced-B.webp?fit=2048%2C2048&ssl=1",2048,2048,true],"trp-custom-language-flag":["https:\/\/i0.wp.com\/xtralife-ec.com\/wp-content\/uploads\/2020\/03\/Balanced-B.webp?fit=12%2C12&ssl=1",12,12,true],"woocommerce_thumbnail":["https:\/\/i0.wp.com\/xtralife-ec.com\/wp-content\/uploads\/2020\/03\/Balanced-B.webp?resize=300%2C300&ssl=1",300,300,true],"woocommerce_single":["https:\/\/i0.wp.com\/xtralife-ec.com\/wp-content\/uploads\/2020\/03\/Balanced-B.webp?fit=600%2C600&ssl=1",600,600,true],"woocommerce_gallery_thumbnail":["https:\/\/i0.wp.com\/xtralife-ec.com\/wp-content\/uploads\/2020\/03\/Balanced-B.webp?resize=100%2C100&ssl=1",100,100,true]},"uagb_author_info":{"display_name":"Nicolas","author_link":"https:\/\/xtralife-ec.com\/en\/author\/"},"uagb_comment_info":0,"uagb_excerpt":"Descripci\u00f3n Estas c\u00e1psulas te brindan una combinaci\u00f3n \u00fanica de vitaminas B esenciales, dise\u00f1adas para optimizar tu bienestar f\u00edsico y mental. Con cada dosis, nutres tu cuerpo con nutrientes clave para aumentar la energ\u00eda, apoyar la salud cerebral y mantener un sistema inmunol\u00f3gico fuerte. Dosis: Adultos, 1 tableta al d\u00eda con las comidas Notificaci\u00f3n Sanitaria: 12254-ALE-0120","jetpack_sharing_enabled":true,"_links":{"self":[{"href":"https:\/\/xtralife-ec.com\/en\/wp-json\/wp\/v2\/product\/313","targetHints":{"allow":["GET"]}}],"collection":[{"href":"https:\/\/xtralife-ec.com\/en\/wp-json\/wp\/v2\/product"}],"about":[{"href":"https:\/\/xtralife-ec.com\/en\/wp-json\/wp\/v2\/types\/product"}],"replies":[{"embeddable":true,"href":"https:\/\/xtralife-ec.com\/en\/wp-json\/wp\/v2\/comments?post=313"}],"wp:featuredmedia":[{"embeddable":true,"href":"https:\/\/xtralife-ec.com\/en\/wp-json\/wp\/v2\/media\/2288"}],"wp:attachment":[{"href":"https:\/\/xtralife-ec.com\/en\/wp-json\/wp\/v2\/media?parent=313"}],"wp:term":[{"taxonomy":"product_brand","embeddable":true,"href":"https:\/\/xtralife-ec.com\/en\/wp-json\/wp\/v2\/product_brand?post=313"},{"taxonomy":"product_cat","embeddable":true,"href":"https:\/\/xtralife-ec.com\/en\/wp-json\/wp\/v2\/product_cat?post=313"},{"taxonomy":"product_tag","embeddable":true,"href":"https:\/\/xtralife-ec.com\/en\/wp-json\/wp\/v2\/product_tag?post=313"}],"curies":[{"name":"wp","href":"https:\/\/api.w.org\/{rel}","templated":true}]}}