{"id":2802,"date":"2023-11-24T19:08:07","date_gmt":"2023-11-24T19:08:07","guid":{"rendered":"https:\/\/xtralife-ec.com\/?post_type=product&#038;p=2802"},"modified":"2025-03-17T16:00:43","modified_gmt":"2025-03-17T16:00:43","slug":"vigramen","status":"publish","type":"product","link":"https:\/\/xtralife-ec.com\/en\/product\/vigramen\/","title":{"rendered":"VigraMen"},"content":{"rendered":"<p><b><i>Benefits of VigraMen<\/i><\/b><\/p>\n<p><b><i>VigraMen<\/i><\/b><i><span style=\"font-weight: 400;\"> es una f\u00f3rmula avanzada inspirada en la medicina tradicional china, dise\u00f1ada para potenciar el rendimiento y el bienestar masculino de manera natural.<\/span><\/i><\/p>\n<ul>\n<li style=\"font-weight: 400;\" aria-level=\"1\"><b><i>Aumenta la libido<\/i><\/b><i><span style=\"font-weight: 400;\">: Act\u00faa como un potente afrodis\u00edaco natural, elevando el deseo sexual y mejorando la energ\u00eda masculina.<\/span><\/i><\/li>\n<\/ul>\n<ul>\n<li style=\"font-weight: 400;\" aria-level=\"1\"><b><i>Mejora la funci\u00f3n er\u00e9ctil<\/i><\/b><i><span style=\"font-weight: 400;\">: Favorece un mayor flujo sangu\u00edneo hacia el pene, lo que se traduce en erecciones m\u00e1s firmes, duraderas y de mejor calidad.<\/span><\/i><\/li>\n<\/ul>\n<ul>\n<li style=\"font-weight: 400;\" aria-level=\"1\"><b><i>Optimiza la fertilidad<\/i><\/b><i><span style=\"font-weight: 400;\">: Contribuye a mejorar la calidad del esperma y la salud reproductiva.<\/span><\/i><\/li>\n<\/ul>\n<ul>\n<li style=\"font-weight: 400;\" aria-level=\"1\"><b><i>Incrementa los niveles de testosterona<\/i><\/b><i><span style=\"font-weight: 400;\">: Estimula la producci\u00f3n de esta hormona clave para la vitalidad, el rendimiento y la fuerza masculina.<\/span><\/i><\/li>\n<\/ul>\n<p><b><i>Favorece la circulaci\u00f3n sangu\u00ednea<\/i><\/b><i><span style=\"font-weight: 400;\">: Su acci\u00f3n vasodilatadora aumenta el flujo sangu\u00edneo en todo el cuerpo, incluyendo la zona \u00edntima, optimizando la funci\u00f3n sexual.<\/span><\/i><\/p>\n<p>Find more benefits about this product and its components at: <a href=\"https:\/\/www.eqilibrium.net\/es\/beneficios-del-horny-goat-weed.html\">Click Here<\/a><\/p>","protected":false},"excerpt":{"rendered":"<p><b><i>Description\u00a0<\/i><\/b><\/p>\n<h3><b><i>Recupera tu Potencia y Confianza con VigraMen<\/i><\/b><\/h3>\n<h5><strong>Goodbye to impotence problems<\/strong><\/h5>\n<p><i><span style=\"font-weight: 400;\">esp\u00eddete de los problemas de impotencia y lleva tu rendimiento al siguiente nivel con <\/span><\/i><b><i>VigraMen<\/i><\/b><i><span style=\"font-weight: 400;\">, el suplemento natural dise\u00f1ado para potenciar tu vida \u00edntima.<\/span><\/i><\/p>\n<p><i><span style=\"font-weight: 400;\">Nuestra f\u00f3rmula avanzada combina ingredientes de alta calidad con poderosos afrodis\u00edacos naturales que aumentan la libido, estimulan el deseo sexual y elevan los niveles de testosterona, esenciales para una salud sexual \u00f3ptima. Adem\u00e1s, la L-Arginina mejora la circulaci\u00f3n sangu\u00ednea, favoreciendo erecciones m\u00e1s firmes, duraderas y de mejor calidad.<\/span><\/i><\/p>\n<p><b><i>Resultados comprobados<\/i><\/b><i><span style=\"font-weight: 400;\">: M\u00e1s de 10 millones de unidades vendidas avalan su eficacia.<\/span><\/i><\/p>\n<p><i><span style=\"font-weight: 400;\">No dejes que los l\u00edmites afecten tu desempe\u00f1o. Descubre una conexi\u00f3n m\u00e1s intensa, una confianza renovada y una pasi\u00f3n inigualable.<\/span><\/i><\/p>\n<p><b><i>Dosis recomendada<\/i><\/b><i><span style=\"font-weight: 400;\">: 2 c\u00e1psulas al d\u00eda.<\/span><\/i><\/p>\n<p><i><span style=\"font-weight: 400;\">Adqui\u00e9relo ahora y redescubre el placer con VigraMen.<\/span><\/i><\/p>","protected":false},"featured_media":2803,"comment_status":"open","ping_status":"closed","template":"","meta":{"_uag_custom_page_level_css":"","site-sidebar-layout":"default","site-content-layout":"default","ast-site-content-layout":"default","site-content-style":"default","site-sidebar-style":"default","ast-global-header-display":"","ast-banner-title-visibility":"","ast-main-header-display":"","ast-hfb-above-header-display":"","ast-hfb-below-header-display":"","ast-hfb-mobile-header-display":"","site-post-title":"","ast-breadcrumbs-content":"","ast-featured-img":"","footer-sml-layout":"","ast-disable-related-posts":"","theme-transparent-header-meta":"default","adv-header-id-meta":"","stick-header-meta":"","header-above-stick-meta":"","header-main-stick-meta":"","header-below-stick-meta":"","astra-migrate-meta-layouts":"set","ast-page-background-enabled":"default","ast-page-background-meta":{"desktop":{"background-color":"","background-image":"","background-repeat":"repeat","background-position":"center center","background-size":"auto","background-attachment":"scroll","background-type":"","background-media":"","overlay-type":"","overlay-color":"","overlay-opacity":"","overlay-gradient":""},"tablet":{"background-color":"","background-image":"","background-repeat":"repeat","background-position":"center center","background-size":"auto","background-attachment":"scroll","background-type":"","background-media":"","overlay-type":"","overlay-color":"","overlay-opacity":"","overlay-gradient":""},"mobile":{"background-color":"","background-image":"","background-repeat":"repeat","background-position":"center center","background-size":"auto","background-attachment":"scroll","background-type":"","background-media":"","overlay-type":"","overlay-color":"","overlay-opacity":"","overlay-gradient":""}},"ast-content-background-meta":{"desktop":{"background-color":"var(--ast-global-color-5)","background-image":"","background-repeat":"repeat","background-position":"center center","background-size":"auto","background-attachment":"scroll","background-type":"","background-media":"","overlay-type":"","overlay-color":"","overlay-opacity":"","overlay-gradient":""},"tablet":{"background-color":"var(--ast-global-color-5)","background-image":"","background-repeat":"repeat","background-position":"center center","background-size":"auto","background-attachment":"scroll","background-type":"","background-media":"","overlay-type":"","overlay-color":"","overlay-opacity":"","overlay-gradient":""},"mobile":{"background-color":"var(--ast-global-color-5)","background-image":"","background-repeat":"repeat","background-position":"center center","background-size":"auto","background-attachment":"scroll","background-type":"","background-media":"","overlay-type":"","overlay-color":"","overlay-opacity":"","overlay-gradient":""}}},"product_brand":[],"product_cat":[34,33],"product_tag":[62,77,74,75,76],"class_list":{"0":"post-2802","1":"product","2":"type-product","3":"status-publish","4":"has-post-thumbnail","6":"product_cat-medicamentos-naturales","7":"product_cat-productos-naturales","8":"product_tag-energia","9":"product_tag-erectile-dysfunction","10":"product_tag-power","11":"product_tag-sexual","12":"product_tag-sexual-potency","13":"desktop-align-left","14":"tablet-align-left","15":"mobile-align-left","17":"first","18":"instock","19":"sale","20":"featured","21":"shipping-taxable","22":"purchasable","23":"product-type-simple"},"yoast_head":"<!-- This site is optimized with the Yoast SEO plugin v27.5 - https:\/\/yoast.com\/product\/yoast-seo-wordpress\/ -->\n<title>VigraMen - Xtralife<\/title>\n<meta name=\"description\" content=\"Discover our potent natural supplement designed to enhance sexual potency and libido. Revitalize your intimate life with a unique formula.\" \/>\n<meta name=\"robots\" content=\"index, follow, max-snippet:-1, max-image-preview:large, max-video-preview:-1\" \/>\n<link rel=\"canonical\" href=\"https:\/\/xtralife-ec.com\/en\/product\/vigramen\/\" \/>\n<meta property=\"og:locale\" content=\"en_US\" \/>\n<meta property=\"og:type\" content=\"article\" \/>\n<meta property=\"og:title\" content=\"VigraMen - Xtralife\" \/>\n<meta property=\"og:description\" content=\"Discover our potent natural supplement designed to enhance sexual potency and libido. Revitalize your intimate life with a unique formula.\" \/>\n<meta property=\"og:url\" content=\"https:\/\/xtralife-ec.com\/en\/product\/vigramen\/\" \/>\n<meta property=\"og:site_name\" content=\"Xtralife\" \/>\n<meta property=\"article:publisher\" content=\"https:\/\/www.facebook.com\/XTRALIFEecuador\" \/>\n<meta property=\"article:modified_time\" content=\"2025-03-17T16:00:43+00:00\" \/>\n<meta property=\"og:image\" content=\"https:\/\/xtralife-ec.com\/wp-content\/uploads\/2023\/11\/VigraMen.webp\" \/>\n\t<meta property=\"og:image:width\" content=\"1080\" \/>\n\t<meta property=\"og:image:height\" content=\"1080\" \/>\n\t<meta property=\"og:image:type\" content=\"image\/webp\" \/>\n<meta name=\"twitter:card\" content=\"summary_large_image\" \/>\n<meta name=\"twitter:label1\" content=\"Est. reading time\" \/>\n\t<meta name=\"twitter:data1\" content=\"1 minute\" \/>\n<script type=\"application\/ld+json\" class=\"yoast-schema-graph\">{\"@context\":\"https:\\\/\\\/schema.org\",\"@graph\":[{\"@type\":\"WebPage\",\"@id\":\"https:\\\/\\\/xtralife-ec.com\\\/producto\\\/vigramen\\\/\",\"url\":\"https:\\\/\\\/xtralife-ec.com\\\/producto\\\/vigramen\\\/\",\"name\":\"VigraMen - Xtralife\",\"isPartOf\":{\"@id\":\"https:\\\/\\\/xtralife-ec.com\\\/#website\"},\"primaryImageOfPage\":{\"@id\":\"https:\\\/\\\/xtralife-ec.com\\\/producto\\\/vigramen\\\/#primaryimage\"},\"image\":{\"@id\":\"https:\\\/\\\/xtralife-ec.com\\\/producto\\\/vigramen\\\/#primaryimage\"},\"thumbnailUrl\":\"https:\\\/\\\/i0.wp.com\\\/xtralife-ec.com\\\/wp-content\\\/uploads\\\/2023\\\/11\\\/VigraMen.webp?fit=1080%2C1080&ssl=1\",\"datePublished\":\"2023-11-24T19:08:07+00:00\",\"dateModified\":\"2025-03-17T16:00:43+00:00\",\"description\":\"Discover our potent natural supplement designed to enhance sexual potency and libido. Revitalize your intimate life with a unique formula.\",\"breadcrumb\":{\"@id\":\"https:\\\/\\\/xtralife-ec.com\\\/producto\\\/vigramen\\\/#breadcrumb\"},\"inLanguage\":\"en-US\",\"potentialAction\":[{\"@type\":\"ReadAction\",\"target\":[\"https:\\\/\\\/xtralife-ec.com\\\/producto\\\/vigramen\\\/\"]}]},{\"@type\":\"ImageObject\",\"inLanguage\":\"en-US\",\"@id\":\"https:\\\/\\\/xtralife-ec.com\\\/producto\\\/vigramen\\\/#primaryimage\",\"url\":\"https:\\\/\\\/i0.wp.com\\\/xtralife-ec.com\\\/wp-content\\\/uploads\\\/2023\\\/11\\\/VigraMen.webp?fit=1080%2C1080&ssl=1\",\"contentUrl\":\"https:\\\/\\\/i0.wp.com\\\/xtralife-ec.com\\\/wp-content\\\/uploads\\\/2023\\\/11\\\/VigraMen.webp?fit=1080%2C1080&ssl=1\",\"width\":1080,\"height\":1080,\"caption\":\"VigraMen\"},{\"@type\":\"BreadcrumbList\",\"@id\":\"https:\\\/\\\/xtralife-ec.com\\\/producto\\\/vigramen\\\/#breadcrumb\",\"itemListElement\":[{\"@type\":\"ListItem\",\"position\":1,\"name\":\"Portada\",\"item\":\"https:\\\/\\\/xtralife-ec.com\\\/\"},{\"@type\":\"ListItem\",\"position\":2,\"name\":\"Tienda\",\"item\":\"https:\\\/\\\/xtralife-ec.com\\\/tienda\\\/\"},{\"@type\":\"ListItem\",\"position\":3,\"name\":\"VigraMen\"}]},{\"@type\":\"WebSite\",\"@id\":\"https:\\\/\\\/xtralife-ec.com\\\/#website\",\"url\":\"https:\\\/\\\/xtralife-ec.com\\\/\",\"name\":\"Xtralife\",\"description\":\"\",\"publisher\":{\"@id\":\"https:\\\/\\\/xtralife-ec.com\\\/#organization\"},\"potentialAction\":[{\"@type\":\"SearchAction\",\"target\":{\"@type\":\"EntryPoint\",\"urlTemplate\":\"https:\\\/\\\/xtralife-ec.com\\\/?s={search_term_string}\"},\"query-input\":{\"@type\":\"PropertyValueSpecification\",\"valueRequired\":true,\"valueName\":\"search_term_string\"}}],\"inLanguage\":\"en-US\"},{\"@type\":\"Organization\",\"@id\":\"https:\\\/\\\/xtralife-ec.com\\\/#organization\",\"name\":\"Xtralife\",\"url\":\"https:\\\/\\\/xtralife-ec.com\\\/\",\"logo\":{\"@type\":\"ImageObject\",\"inLanguage\":\"en-US\",\"@id\":\"https:\\\/\\\/xtralife-ec.com\\\/#\\\/schema\\\/logo\\\/image\\\/\",\"url\":\"https:\\\/\\\/i0.wp.com\\\/xtralife-ec.com\\\/wp-content\\\/uploads\\\/2023\\\/06\\\/cropped-cropped-Logopaginaweb-3.png?fit=512%2C303&ssl=1\",\"contentUrl\":\"https:\\\/\\\/i0.wp.com\\\/xtralife-ec.com\\\/wp-content\\\/uploads\\\/2023\\\/06\\\/cropped-cropped-Logopaginaweb-3.png?fit=512%2C303&ssl=1\",\"width\":512,\"height\":303,\"caption\":\"Xtralife\"},\"image\":{\"@id\":\"https:\\\/\\\/xtralife-ec.com\\\/#\\\/schema\\\/logo\\\/image\\\/\"},\"sameAs\":[\"https:\\\/\\\/www.facebook.com\\\/XTRALIFEecuador\",\"https:\\\/\\\/www.instagram.com\\\/xtralife_vitaminas\\\/\",\"https:\\\/\\\/www.tiktok.com\\\/@xtralifevitaminas\"]}]}<\/script>\n<!-- \/ Yoast SEO plugin. -->","yoast_head_json":{"title":"VigraMen - Xtralife","description":"Discover our potent natural supplement designed to enhance sexual potency and libido. Revitalize your intimate life with a unique formula.","robots":{"index":"index","follow":"follow","max-snippet":"max-snippet:-1","max-image-preview":"max-image-preview:large","max-video-preview":"max-video-preview:-1"},"canonical":"https:\/\/xtralife-ec.com\/en\/product\/vigramen\/","og_locale":"en_US","og_type":"article","og_title":"VigraMen - Xtralife","og_description":"Discover our potent natural supplement designed to enhance sexual potency and libido. Revitalize your intimate life with a unique formula.","og_url":"https:\/\/xtralife-ec.com\/en\/product\/vigramen\/","og_site_name":"Xtralife","article_publisher":"https:\/\/www.facebook.com\/XTRALIFEecuador","article_modified_time":"2025-03-17T16:00:43+00:00","og_image":[{"width":1080,"height":1080,"url":"https:\/\/xtralife-ec.com\/wp-content\/uploads\/2023\/11\/VigraMen.webp","type":"image\/webp"}],"twitter_card":"summary_large_image","twitter_misc":{"Est. reading time":"1 minute"},"schema":{"@context":"https:\/\/schema.org","@graph":[{"@type":"WebPage","@id":"https:\/\/xtralife-ec.com\/producto\/vigramen\/","url":"https:\/\/xtralife-ec.com\/producto\/vigramen\/","name":"VigraMen - Xtralife","isPartOf":{"@id":"https:\/\/xtralife-ec.com\/#website"},"primaryImageOfPage":{"@id":"https:\/\/xtralife-ec.com\/producto\/vigramen\/#primaryimage"},"image":{"@id":"https:\/\/xtralife-ec.com\/producto\/vigramen\/#primaryimage"},"thumbnailUrl":"https:\/\/i0.wp.com\/xtralife-ec.com\/wp-content\/uploads\/2023\/11\/VigraMen.webp?fit=1080%2C1080&ssl=1","datePublished":"2023-11-24T19:08:07+00:00","dateModified":"2025-03-17T16:00:43+00:00","description":"Discover our potent natural supplement designed to enhance sexual potency and libido. Revitalize your intimate life with a unique formula.","breadcrumb":{"@id":"https:\/\/xtralife-ec.com\/producto\/vigramen\/#breadcrumb"},"inLanguage":"en-US","potentialAction":[{"@type":"ReadAction","target":["https:\/\/xtralife-ec.com\/producto\/vigramen\/"]}]},{"@type":"ImageObject","inLanguage":"en-US","@id":"https:\/\/xtralife-ec.com\/producto\/vigramen\/#primaryimage","url":"https:\/\/i0.wp.com\/xtralife-ec.com\/wp-content\/uploads\/2023\/11\/VigraMen.webp?fit=1080%2C1080&ssl=1","contentUrl":"https:\/\/i0.wp.com\/xtralife-ec.com\/wp-content\/uploads\/2023\/11\/VigraMen.webp?fit=1080%2C1080&ssl=1","width":1080,"height":1080,"caption":"VigraMen"},{"@type":"BreadcrumbList","@id":"https:\/\/xtralife-ec.com\/producto\/vigramen\/#breadcrumb","itemListElement":[{"@type":"ListItem","position":1,"name":"Portada","item":"https:\/\/xtralife-ec.com\/"},{"@type":"ListItem","position":2,"name":"Tienda","item":"https:\/\/xtralife-ec.com\/tienda\/"},{"@type":"ListItem","position":3,"name":"VigraMen"}]},{"@type":"WebSite","@id":"https:\/\/xtralife-ec.com\/#website","url":"https:\/\/xtralife-ec.com\/","name":"Xtralife","description":"","publisher":{"@id":"https:\/\/xtralife-ec.com\/#organization"},"potentialAction":[{"@type":"SearchAction","target":{"@type":"EntryPoint","urlTemplate":"https:\/\/xtralife-ec.com\/?s={search_term_string}"},"query-input":{"@type":"PropertyValueSpecification","valueRequired":true,"valueName":"search_term_string"}}],"inLanguage":"en-US"},{"@type":"Organization","@id":"https:\/\/xtralife-ec.com\/#organization","name":"Xtralife","url":"https:\/\/xtralife-ec.com\/","logo":{"@type":"ImageObject","inLanguage":"en-US","@id":"https:\/\/xtralife-ec.com\/#\/schema\/logo\/image\/","url":"https:\/\/i0.wp.com\/xtralife-ec.com\/wp-content\/uploads\/2023\/06\/cropped-cropped-Logopaginaweb-3.png?fit=512%2C303&ssl=1","contentUrl":"https:\/\/i0.wp.com\/xtralife-ec.com\/wp-content\/uploads\/2023\/06\/cropped-cropped-Logopaginaweb-3.png?fit=512%2C303&ssl=1","width":512,"height":303,"caption":"Xtralife"},"image":{"@id":"https:\/\/xtralife-ec.com\/#\/schema\/logo\/image\/"},"sameAs":["https:\/\/www.facebook.com\/XTRALIFEecuador","https:\/\/www.instagram.com\/xtralife_vitaminas\/","https:\/\/www.tiktok.com\/@xtralifevitaminas"]}]}},"uagb_featured_image_src":{"full":["https:\/\/i0.wp.com\/xtralife-ec.com\/wp-content\/uploads\/2023\/11\/VigraMen.webp?fit=1080%2C1080&ssl=1",1080,1080,false],"thumbnail":["https:\/\/i0.wp.com\/xtralife-ec.com\/wp-content\/uploads\/2023\/11\/VigraMen.webp?resize=150%2C150&ssl=1",150,150,true],"medium":["https:\/\/i0.wp.com\/xtralife-ec.com\/wp-content\/uploads\/2023\/11\/VigraMen.webp?fit=300%2C300&ssl=1",300,300,true],"medium_large":["https:\/\/i0.wp.com\/xtralife-ec.com\/wp-content\/uploads\/2023\/11\/VigraMen.webp?fit=768%2C768&ssl=1",768,768,true],"large":["https:\/\/i0.wp.com\/xtralife-ec.com\/wp-content\/uploads\/2023\/11\/VigraMen.webp?fit=1024%2C1024&ssl=1",1024,1024,true],"1536x1536":["https:\/\/i0.wp.com\/xtralife-ec.com\/wp-content\/uploads\/2023\/11\/VigraMen.webp?fit=1080%2C1080&ssl=1",1080,1080,true],"2048x2048":["https:\/\/i0.wp.com\/xtralife-ec.com\/wp-content\/uploads\/2023\/11\/VigraMen.webp?fit=1080%2C1080&ssl=1",1080,1080,true],"trp-custom-language-flag":["https:\/\/i0.wp.com\/xtralife-ec.com\/wp-content\/uploads\/2023\/11\/VigraMen.webp?fit=12%2C12&ssl=1",12,12,true],"woocommerce_thumbnail":["https:\/\/i0.wp.com\/xtralife-ec.com\/wp-content\/uploads\/2023\/11\/VigraMen.webp?resize=300%2C300&ssl=1",300,300,true],"woocommerce_single":["https:\/\/i0.wp.com\/xtralife-ec.com\/wp-content\/uploads\/2023\/11\/VigraMen.webp?fit=600%2C600&ssl=1",600,600,true],"woocommerce_gallery_thumbnail":["https:\/\/i0.wp.com\/xtralife-ec.com\/wp-content\/uploads\/2023\/11\/VigraMen.webp?resize=100%2C100&ssl=1",100,100,true]},"uagb_author_info":{"display_name":"Nicolas","author_link":"https:\/\/xtralife-ec.com\/en\/author\/"},"uagb_comment_info":29,"uagb_excerpt":"Descripci\u00f3n\u00a0 Recupera tu Potencia y Confianza con VigraMen Adi\u00f3s a los problemas de impotencia esp\u00eddete de los problemas de impotencia y lleva tu rendimiento al siguiente nivel con VigraMen, el suplemento natural dise\u00f1ado para potenciar tu vida \u00edntima. Nuestra f\u00f3rmula avanzada combina ingredientes de alta calidad con poderosos afrodis\u00edacos naturales que aumentan la libido, estimulan&hellip;","jetpack_sharing_enabled":true,"_links":{"self":[{"href":"https:\/\/xtralife-ec.com\/en\/wp-json\/wp\/v2\/product\/2802","targetHints":{"allow":["GET"]}}],"collection":[{"href":"https:\/\/xtralife-ec.com\/en\/wp-json\/wp\/v2\/product"}],"about":[{"href":"https:\/\/xtralife-ec.com\/en\/wp-json\/wp\/v2\/types\/product"}],"replies":[{"embeddable":true,"href":"https:\/\/xtralife-ec.com\/en\/wp-json\/wp\/v2\/comments?post=2802"}],"wp:featuredmedia":[{"embeddable":true,"href":"https:\/\/xtralife-ec.com\/en\/wp-json\/wp\/v2\/media\/2803"}],"wp:attachment":[{"href":"https:\/\/xtralife-ec.com\/en\/wp-json\/wp\/v2\/media?parent=2802"}],"wp:term":[{"taxonomy":"product_brand","embeddable":true,"href":"https:\/\/xtralife-ec.com\/en\/wp-json\/wp\/v2\/product_brand?post=2802"},{"taxonomy":"product_cat","embeddable":true,"href":"https:\/\/xtralife-ec.com\/en\/wp-json\/wp\/v2\/product_cat?post=2802"},{"taxonomy":"product_tag","embeddable":true,"href":"https:\/\/xtralife-ec.com\/en\/wp-json\/wp\/v2\/product_tag?post=2802"}],"curies":[{"name":"wp","href":"https:\/\/api.w.org\/{rel}","templated":true}]}}