{"id":1670,"date":"2023-06-16T19:40:19","date_gmt":"2023-06-16T19:40:19","guid":{"rendered":"https:\/\/xtralife-ec.com\/?post_type=product&#038;p=1670"},"modified":"2025-03-17T16:23:26","modified_gmt":"2025-03-17T16:23:26","slug":"aloe-vera","status":"publish","type":"product","link":"https:\/\/xtralife-ec.com\/en\/product\/aloe-vera\/","title":{"rendered":"Aloe Vera Concentrate"},"content":{"rendered":"<p><em><strong>Benefits of <a href=\"https:\/\/xtralife-ec.com\/en\/product\/aloe-vera\/\">Aloe Vera Concentrate<\/a><\/strong><\/em><\/p>\n<p><i><span style=\"font-weight: 400;\">El <\/span><\/i><b><i>Aloe Vera Concentrate<\/i><\/b><i><span style=\"font-weight: 400;\"> es un poderoso aliado para tu bienestar general, conocido por sus m\u00faltiples propiedades curativas y protectoras.<\/span><\/i><\/p>\n<ul>\n<li style=\"font-weight: 400;\" aria-level=\"1\"><b><i>Acci\u00f3n emoliente, cicatrizante e hidratante<\/i><\/b><i><span style=\"font-weight: 400;\">: Ayuda a mantener la piel suave, acelera la cicatrizaci\u00f3n de heridas y proporciona hidrataci\u00f3n profunda.<\/span><\/i><\/li>\n<li style=\"font-weight: 400;\" aria-level=\"1\"><b><i>Propiedades antial\u00e9rgicas y coagulantes<\/i><\/b><i><span style=\"font-weight: 400;\">: Alivia y protege la piel de reacciones al\u00e9rgicas, adem\u00e1s de contribuir a la regeneraci\u00f3n celular.<\/span><\/i><\/li>\n<li style=\"font-weight: 400;\" aria-level=\"1\"><b><i>Desinfectante y astringente natural<\/i><\/b><i><span style=\"font-weight: 400;\">: Combate bacterias y ayuda a limpiar y tonificar el organismo.<\/span><\/i><\/li>\n<li style=\"font-weight: 400;\" aria-level=\"1\"><b><i>Regula la producci\u00f3n de \u00e1cido g\u00e1strico<\/i><\/b><i><span style=\"font-weight: 400;\">: Reduce la acidez estomacal, favoreciendo un sistema digestivo m\u00e1s saludable.<\/span><\/i><\/li>\n<li style=\"font-weight: 400;\" aria-level=\"1\"><b><i>Facilita la digesti\u00f3n y combate el estre\u00f1imiento<\/i><\/b><i><span style=\"font-weight: 400;\">: Act\u00faa como un laxante suave, promoviendo un tr\u00e1nsito intestinal adecuado y natural.<\/span><\/i><\/li>\n<li style=\"font-weight: 400;\" aria-level=\"1\"><b><i>Protege la mucosa g\u00e1strica<\/i><\/b><i><span style=\"font-weight: 400;\">: Ayuda a mantener la salud del tracto digestivo, evitando irritaciones y promoviendo la curaci\u00f3n.<\/span><\/i><\/li>\n<\/ul>\n<ul>\n<li style=\"list-style-type: none;\"><\/li>\n<\/ul>","protected":false},"excerpt":{"rendered":"<p><em><strong>Description <\/strong><\/em><\/p>\n<p><i><span style=\"font-weight: 400;\">Descubre el poder de la naturaleza con nuestras <\/span><\/i><b><i>c\u00e1psulas de Aloe Vera<\/i><\/b><i><span style=\"font-weight: 400;\">, el elixir concentrado de bienestar en una peque\u00f1a p\u00edldora. Con cada c\u00e1psula, recibir\u00e1s todos los beneficios de esta maravillosa planta, conocida por sus propiedades <\/span><\/i><b><i>hidratantes, rejuvenecedoras y regeneradoras<\/i><\/b><i><span style=\"font-weight: 400;\">.<\/span><\/i><\/p>\n<p><i><span style=\"font-weight: 400;\">Estas c\u00e1psulas est\u00e1n dise\u00f1adas para nutrir tu piel desde adentro, dej\u00e1ndola <\/span><\/i><b><i>radiante<\/i><\/b><i><span style=\"font-weight: 400;\">, <\/span><\/i><b><i>suave<\/i><\/b><i><span style=\"font-weight: 400;\"> , <\/span><\/i><b><i>vibrante<\/i><\/b><i><span style=\"font-weight: 400;\"> como nunca antes. Perfectas para quienes buscan un <\/span><\/i><b><i>cuidado integral<\/i><\/b><i><span style=\"font-weight: 400;\"> y desean mejorar la salud de su piel de forma natural y efectiva.<\/span><\/i><\/p>\n<p><b><i>Dosis recomendada<\/i><\/b><i><span style=\"font-weight: 400;\">: 1 c\u00e1psula al d\u00eda.<\/span><\/i><i><span style=\"font-weight: 400;\"><br \/>\n<\/span><\/i> <b><i>Registro sanitario<\/i><\/b><i><span style=\"font-weight: 400;\">: 673-MNE-01-12<\/span><\/i><\/p>\n<p><i><span style=\"font-weight: 400;\">\u00a1Dale a tu cuerpo el amor que se merece y despierta tu belleza interior con nuestras c\u00e1psulas de Aloe Vera!<\/span><\/i><\/p>","protected":false},"featured_media":2102,"comment_status":"closed","ping_status":"closed","template":"","meta":{"_uag_custom_page_level_css":"","site-sidebar-layout":"default","site-content-layout":"default","ast-site-content-layout":"default","site-content-style":"default","site-sidebar-style":"default","ast-global-header-display":"","ast-banner-title-visibility":"","ast-main-header-display":"","ast-hfb-above-header-display":"","ast-hfb-below-header-display":"","ast-hfb-mobile-header-display":"","site-post-title":"","ast-breadcrumbs-content":"","ast-featured-img":"","footer-sml-layout":"","ast-disable-related-posts":"","theme-transparent-header-meta":"default","adv-header-id-meta":"","stick-header-meta":"","header-above-stick-meta":"","header-main-stick-meta":"","header-below-stick-meta":"","astra-migrate-meta-layouts":"set","ast-page-background-enabled":"default","ast-page-background-meta":{"desktop":{"background-color":"","background-image":"","background-repeat":"repeat","background-position":"center center","background-size":"auto","background-attachment":"scroll","background-type":"","background-media":"","overlay-type":"","overlay-color":"","overlay-opacity":"","overlay-gradient":""},"tablet":{"background-color":"","background-image":"","background-repeat":"repeat","background-position":"center center","background-size":"auto","background-attachment":"scroll","background-type":"","background-media":"","overlay-type":"","overlay-color":"","overlay-opacity":"","overlay-gradient":""},"mobile":{"background-color":"","background-image":"","background-repeat":"repeat","background-position":"center center","background-size":"auto","background-attachment":"scroll","background-type":"","background-media":"","overlay-type":"","overlay-color":"","overlay-opacity":"","overlay-gradient":""}},"ast-content-background-meta":{"desktop":{"background-color":"var(--ast-global-color-5)","background-image":"","background-repeat":"repeat","background-position":"center center","background-size":"auto","background-attachment":"scroll","background-type":"","background-media":"","overlay-type":"","overlay-color":"","overlay-opacity":"","overlay-gradient":""},"tablet":{"background-color":"var(--ast-global-color-5)","background-image":"","background-repeat":"repeat","background-position":"center center","background-size":"auto","background-attachment":"scroll","background-type":"","background-media":"","overlay-type":"","overlay-color":"","overlay-opacity":"","overlay-gradient":""},"mobile":{"background-color":"var(--ast-global-color-5)","background-image":"","background-repeat":"repeat","background-position":"center center","background-size":"auto","background-attachment":"scroll","background-type":"","background-media":"","overlay-type":"","overlay-color":"","overlay-opacity":"","overlay-gradient":""}}},"product_brand":[],"product_cat":[33],"product_tag":[],"class_list":{"0":"post-1670","1":"product","2":"type-product","3":"status-publish","4":"has-post-thumbnail","6":"product_cat-productos-naturales","7":"desktop-align-left","8":"tablet-align-left","9":"mobile-align-left","11":"first","12":"instock","13":"shipping-taxable","14":"purchasable","15":"product-type-simple"},"yoast_head":"<!-- This site is optimized with the Yoast SEO plugin v27.4 - https:\/\/yoast.com\/product\/yoast-seo-wordpress\/ -->\n<title>Aloe Vera Concentrado - Xtralife<\/title>\n<meta name=\"description\" content=\"Aloe Vera Concentrado con propiedades hidratantes, rejuvenecedoras y regeneradoras, te ayudara a nutrir tu piel desde adentro, dej\u00e1ndola radiante y suave.\" \/>\n<meta name=\"robots\" content=\"index, follow, max-snippet:-1, max-image-preview:large, max-video-preview:-1\" \/>\n<link rel=\"canonical\" href=\"https:\/\/xtralife-ec.com\/en\/product\/aloe-vera\/\" \/>\n<meta property=\"og:locale\" content=\"en_US\" \/>\n<meta property=\"og:type\" content=\"article\" \/>\n<meta property=\"og:title\" content=\"Aloe Vera Concentrado - Xtralife\" \/>\n<meta property=\"og:description\" content=\"Aloe Vera Concentrado con propiedades hidratantes, rejuvenecedoras y regeneradoras, te ayudara a nutrir tu piel desde adentro, dej\u00e1ndola radiante y suave.\" \/>\n<meta property=\"og:url\" content=\"https:\/\/xtralife-ec.com\/en\/product\/aloe-vera\/\" \/>\n<meta property=\"og:site_name\" content=\"Xtralife\" \/>\n<meta property=\"article:publisher\" content=\"https:\/\/www.facebook.com\/XTRALIFEecuador\" \/>\n<meta property=\"article:modified_time\" content=\"2025-03-17T16:23:26+00:00\" \/>\n<meta property=\"og:image\" content=\"https:\/\/xtralife-ec.com\/wp-content\/uploads\/2023\/06\/1-Aloe-Vera-25mg-frontal-1.webp\" \/>\n\t<meta property=\"og:image:width\" content=\"2400\" \/>\n\t<meta property=\"og:image:height\" content=\"2400\" \/>\n\t<meta property=\"og:image:type\" content=\"image\/webp\" \/>\n<meta name=\"twitter:card\" content=\"summary_large_image\" \/>\n<meta name=\"twitter:label1\" content=\"Est. reading time\" \/>\n\t<meta name=\"twitter:data1\" content=\"1 minute\" \/>\n<script type=\"application\/ld+json\" class=\"yoast-schema-graph\">{\"@context\":\"https:\\\/\\\/schema.org\",\"@graph\":[{\"@type\":\"WebPage\",\"@id\":\"https:\\\/\\\/xtralife-ec.com\\\/producto\\\/aloe-vera\\\/\",\"url\":\"https:\\\/\\\/xtralife-ec.com\\\/producto\\\/aloe-vera\\\/\",\"name\":\"Aloe Vera Concentrado - Xtralife\",\"isPartOf\":{\"@id\":\"https:\\\/\\\/xtralife-ec.com\\\/#website\"},\"primaryImageOfPage\":{\"@id\":\"https:\\\/\\\/xtralife-ec.com\\\/producto\\\/aloe-vera\\\/#primaryimage\"},\"image\":{\"@id\":\"https:\\\/\\\/xtralife-ec.com\\\/producto\\\/aloe-vera\\\/#primaryimage\"},\"thumbnailUrl\":\"https:\\\/\\\/i0.wp.com\\\/xtralife-ec.com\\\/wp-content\\\/uploads\\\/2023\\\/06\\\/1-Aloe-Vera-25mg-frontal-1.webp?fit=2400%2C2400&ssl=1\",\"datePublished\":\"2023-06-16T19:40:19+00:00\",\"dateModified\":\"2025-03-17T16:23:26+00:00\",\"description\":\"Aloe Vera Concentrado con propiedades hidratantes, rejuvenecedoras y regeneradoras, te ayudara a nutrir tu piel desde adentro, dej\u00e1ndola radiante y suave.\",\"breadcrumb\":{\"@id\":\"https:\\\/\\\/xtralife-ec.com\\\/producto\\\/aloe-vera\\\/#breadcrumb\"},\"inLanguage\":\"en-US\",\"potentialAction\":[{\"@type\":\"ReadAction\",\"target\":[\"https:\\\/\\\/xtralife-ec.com\\\/producto\\\/aloe-vera\\\/\"]}]},{\"@type\":\"ImageObject\",\"inLanguage\":\"en-US\",\"@id\":\"https:\\\/\\\/xtralife-ec.com\\\/producto\\\/aloe-vera\\\/#primaryimage\",\"url\":\"https:\\\/\\\/i0.wp.com\\\/xtralife-ec.com\\\/wp-content\\\/uploads\\\/2023\\\/06\\\/1-Aloe-Vera-25mg-frontal-1.webp?fit=2400%2C2400&ssl=1\",\"contentUrl\":\"https:\\\/\\\/i0.wp.com\\\/xtralife-ec.com\\\/wp-content\\\/uploads\\\/2023\\\/06\\\/1-Aloe-Vera-25mg-frontal-1.webp?fit=2400%2C2400&ssl=1\",\"width\":2400,\"height\":2400},{\"@type\":\"BreadcrumbList\",\"@id\":\"https:\\\/\\\/xtralife-ec.com\\\/producto\\\/aloe-vera\\\/#breadcrumb\",\"itemListElement\":[{\"@type\":\"ListItem\",\"position\":1,\"name\":\"Portada\",\"item\":\"https:\\\/\\\/xtralife-ec.com\\\/\"},{\"@type\":\"ListItem\",\"position\":2,\"name\":\"Tienda\",\"item\":\"https:\\\/\\\/xtralife-ec.com\\\/tienda\\\/\"},{\"@type\":\"ListItem\",\"position\":3,\"name\":\"Aloe Vera Concentrado\"}]},{\"@type\":\"WebSite\",\"@id\":\"https:\\\/\\\/xtralife-ec.com\\\/#website\",\"url\":\"https:\\\/\\\/xtralife-ec.com\\\/\",\"name\":\"Xtralife\",\"description\":\"\",\"publisher\":{\"@id\":\"https:\\\/\\\/xtralife-ec.com\\\/#organization\"},\"potentialAction\":[{\"@type\":\"SearchAction\",\"target\":{\"@type\":\"EntryPoint\",\"urlTemplate\":\"https:\\\/\\\/xtralife-ec.com\\\/?s={search_term_string}\"},\"query-input\":{\"@type\":\"PropertyValueSpecification\",\"valueRequired\":true,\"valueName\":\"search_term_string\"}}],\"inLanguage\":\"en-US\"},{\"@type\":\"Organization\",\"@id\":\"https:\\\/\\\/xtralife-ec.com\\\/#organization\",\"name\":\"Xtralife\",\"url\":\"https:\\\/\\\/xtralife-ec.com\\\/\",\"logo\":{\"@type\":\"ImageObject\",\"inLanguage\":\"en-US\",\"@id\":\"https:\\\/\\\/xtralife-ec.com\\\/#\\\/schema\\\/logo\\\/image\\\/\",\"url\":\"https:\\\/\\\/i0.wp.com\\\/xtralife-ec.com\\\/wp-content\\\/uploads\\\/2023\\\/06\\\/cropped-cropped-Logopaginaweb-3.png?fit=512%2C303&ssl=1\",\"contentUrl\":\"https:\\\/\\\/i0.wp.com\\\/xtralife-ec.com\\\/wp-content\\\/uploads\\\/2023\\\/06\\\/cropped-cropped-Logopaginaweb-3.png?fit=512%2C303&ssl=1\",\"width\":512,\"height\":303,\"caption\":\"Xtralife\"},\"image\":{\"@id\":\"https:\\\/\\\/xtralife-ec.com\\\/#\\\/schema\\\/logo\\\/image\\\/\"},\"sameAs\":[\"https:\\\/\\\/www.facebook.com\\\/XTRALIFEecuador\",\"https:\\\/\\\/www.instagram.com\\\/xtralife_vitaminas\\\/\",\"https:\\\/\\\/www.tiktok.com\\\/@xtralifevitaminas\"]}]}<\/script>\n<!-- \/ Yoast SEO plugin. -->","yoast_head_json":{"title":"Aloe Vera Concentrado - Xtralife","description":"Aloe Vera Concentrado con propiedades hidratantes, rejuvenecedoras y regeneradoras, te ayudara a nutrir tu piel desde adentro, dej\u00e1ndola radiante y suave.","robots":{"index":"index","follow":"follow","max-snippet":"max-snippet:-1","max-image-preview":"max-image-preview:large","max-video-preview":"max-video-preview:-1"},"canonical":"https:\/\/xtralife-ec.com\/en\/product\/aloe-vera\/","og_locale":"en_US","og_type":"article","og_title":"Aloe Vera Concentrado - Xtralife","og_description":"Aloe Vera Concentrado con propiedades hidratantes, rejuvenecedoras y regeneradoras, te ayudara a nutrir tu piel desde adentro, dej\u00e1ndola radiante y suave.","og_url":"https:\/\/xtralife-ec.com\/en\/product\/aloe-vera\/","og_site_name":"Xtralife","article_publisher":"https:\/\/www.facebook.com\/XTRALIFEecuador","article_modified_time":"2025-03-17T16:23:26+00:00","og_image":[{"width":2400,"height":2400,"url":"https:\/\/xtralife-ec.com\/wp-content\/uploads\/2023\/06\/1-Aloe-Vera-25mg-frontal-1.webp","type":"image\/webp"}],"twitter_card":"summary_large_image","twitter_misc":{"Est. reading time":"1 minute"},"schema":{"@context":"https:\/\/schema.org","@graph":[{"@type":"WebPage","@id":"https:\/\/xtralife-ec.com\/producto\/aloe-vera\/","url":"https:\/\/xtralife-ec.com\/producto\/aloe-vera\/","name":"Aloe Vera Concentrado - Xtralife","isPartOf":{"@id":"https:\/\/xtralife-ec.com\/#website"},"primaryImageOfPage":{"@id":"https:\/\/xtralife-ec.com\/producto\/aloe-vera\/#primaryimage"},"image":{"@id":"https:\/\/xtralife-ec.com\/producto\/aloe-vera\/#primaryimage"},"thumbnailUrl":"https:\/\/i0.wp.com\/xtralife-ec.com\/wp-content\/uploads\/2023\/06\/1-Aloe-Vera-25mg-frontal-1.webp?fit=2400%2C2400&ssl=1","datePublished":"2023-06-16T19:40:19+00:00","dateModified":"2025-03-17T16:23:26+00:00","description":"Aloe Vera Concentrado con propiedades hidratantes, rejuvenecedoras y regeneradoras, te ayudara a nutrir tu piel desde adentro, dej\u00e1ndola radiante y suave.","breadcrumb":{"@id":"https:\/\/xtralife-ec.com\/producto\/aloe-vera\/#breadcrumb"},"inLanguage":"en-US","potentialAction":[{"@type":"ReadAction","target":["https:\/\/xtralife-ec.com\/producto\/aloe-vera\/"]}]},{"@type":"ImageObject","inLanguage":"en-US","@id":"https:\/\/xtralife-ec.com\/producto\/aloe-vera\/#primaryimage","url":"https:\/\/i0.wp.com\/xtralife-ec.com\/wp-content\/uploads\/2023\/06\/1-Aloe-Vera-25mg-frontal-1.webp?fit=2400%2C2400&ssl=1","contentUrl":"https:\/\/i0.wp.com\/xtralife-ec.com\/wp-content\/uploads\/2023\/06\/1-Aloe-Vera-25mg-frontal-1.webp?fit=2400%2C2400&ssl=1","width":2400,"height":2400},{"@type":"BreadcrumbList","@id":"https:\/\/xtralife-ec.com\/producto\/aloe-vera\/#breadcrumb","itemListElement":[{"@type":"ListItem","position":1,"name":"Portada","item":"https:\/\/xtralife-ec.com\/"},{"@type":"ListItem","position":2,"name":"Tienda","item":"https:\/\/xtralife-ec.com\/tienda\/"},{"@type":"ListItem","position":3,"name":"Aloe Vera Concentrado"}]},{"@type":"WebSite","@id":"https:\/\/xtralife-ec.com\/#website","url":"https:\/\/xtralife-ec.com\/","name":"Xtralife","description":"","publisher":{"@id":"https:\/\/xtralife-ec.com\/#organization"},"potentialAction":[{"@type":"SearchAction","target":{"@type":"EntryPoint","urlTemplate":"https:\/\/xtralife-ec.com\/?s={search_term_string}"},"query-input":{"@type":"PropertyValueSpecification","valueRequired":true,"valueName":"search_term_string"}}],"inLanguage":"en-US"},{"@type":"Organization","@id":"https:\/\/xtralife-ec.com\/#organization","name":"Xtralife","url":"https:\/\/xtralife-ec.com\/","logo":{"@type":"ImageObject","inLanguage":"en-US","@id":"https:\/\/xtralife-ec.com\/#\/schema\/logo\/image\/","url":"https:\/\/i0.wp.com\/xtralife-ec.com\/wp-content\/uploads\/2023\/06\/cropped-cropped-Logopaginaweb-3.png?fit=512%2C303&ssl=1","contentUrl":"https:\/\/i0.wp.com\/xtralife-ec.com\/wp-content\/uploads\/2023\/06\/cropped-cropped-Logopaginaweb-3.png?fit=512%2C303&ssl=1","width":512,"height":303,"caption":"Xtralife"},"image":{"@id":"https:\/\/xtralife-ec.com\/#\/schema\/logo\/image\/"},"sameAs":["https:\/\/www.facebook.com\/XTRALIFEecuador","https:\/\/www.instagram.com\/xtralife_vitaminas\/","https:\/\/www.tiktok.com\/@xtralifevitaminas"]}]}},"uagb_featured_image_src":{"full":["https:\/\/i0.wp.com\/xtralife-ec.com\/wp-content\/uploads\/2023\/06\/1-Aloe-Vera-25mg-frontal-1.webp?fit=2400%2C2400&ssl=1",2400,2400,false],"thumbnail":["https:\/\/i0.wp.com\/xtralife-ec.com\/wp-content\/uploads\/2023\/06\/1-Aloe-Vera-25mg-frontal-1.webp?resize=150%2C150&ssl=1",150,150,true],"medium":["https:\/\/i0.wp.com\/xtralife-ec.com\/wp-content\/uploads\/2023\/06\/1-Aloe-Vera-25mg-frontal-1.webp?fit=300%2C300&ssl=1",300,300,true],"medium_large":["https:\/\/i0.wp.com\/xtralife-ec.com\/wp-content\/uploads\/2023\/06\/1-Aloe-Vera-25mg-frontal-1.webp?fit=768%2C768&ssl=1",768,768,true],"large":["https:\/\/i0.wp.com\/xtralife-ec.com\/wp-content\/uploads\/2023\/06\/1-Aloe-Vera-25mg-frontal-1.webp?fit=1024%2C1024&ssl=1",1024,1024,true],"1536x1536":["https:\/\/i0.wp.com\/xtralife-ec.com\/wp-content\/uploads\/2023\/06\/1-Aloe-Vera-25mg-frontal-1.webp?fit=1536%2C1536&ssl=1",1536,1536,true],"2048x2048":["https:\/\/i0.wp.com\/xtralife-ec.com\/wp-content\/uploads\/2023\/06\/1-Aloe-Vera-25mg-frontal-1.webp?fit=2048%2C2048&ssl=1",2048,2048,true],"trp-custom-language-flag":["https:\/\/i0.wp.com\/xtralife-ec.com\/wp-content\/uploads\/2023\/06\/1-Aloe-Vera-25mg-frontal-1.webp?fit=12%2C12&ssl=1",12,12,true],"woocommerce_thumbnail":["https:\/\/i0.wp.com\/xtralife-ec.com\/wp-content\/uploads\/2023\/06\/1-Aloe-Vera-25mg-frontal-1.webp?resize=300%2C300&ssl=1",300,300,true],"woocommerce_single":["https:\/\/i0.wp.com\/xtralife-ec.com\/wp-content\/uploads\/2023\/06\/1-Aloe-Vera-25mg-frontal-1.webp?fit=600%2C600&ssl=1",600,600,true],"woocommerce_gallery_thumbnail":["https:\/\/i0.wp.com\/xtralife-ec.com\/wp-content\/uploads\/2023\/06\/1-Aloe-Vera-25mg-frontal-1.webp?resize=100%2C100&ssl=1",100,100,true]},"uagb_author_info":{"display_name":"Xtralife","author_link":"https:\/\/xtralife-ec.com\/en\/author\/"},"uagb_comment_info":0,"uagb_excerpt":"Descripci\u00f3n Descubre el poder de la naturaleza con nuestras c\u00e1psulas de Aloe Vera, el elixir concentrado de bienestar en una peque\u00f1a p\u00edldora. Con cada c\u00e1psula, recibir\u00e1s todos los beneficios de esta maravillosa planta, conocida por sus propiedades hidratantes, rejuvenecedoras y regeneradoras. Estas c\u00e1psulas est\u00e1n dise\u00f1adas para nutrir tu piel desde adentro, dej\u00e1ndola radiante, suave y&hellip;","jetpack_sharing_enabled":true,"_links":{"self":[{"href":"https:\/\/xtralife-ec.com\/en\/wp-json\/wp\/v2\/product\/1670","targetHints":{"allow":["GET"]}}],"collection":[{"href":"https:\/\/xtralife-ec.com\/en\/wp-json\/wp\/v2\/product"}],"about":[{"href":"https:\/\/xtralife-ec.com\/en\/wp-json\/wp\/v2\/types\/product"}],"replies":[{"embeddable":true,"href":"https:\/\/xtralife-ec.com\/en\/wp-json\/wp\/v2\/comments?post=1670"}],"wp:featuredmedia":[{"embeddable":true,"href":"https:\/\/xtralife-ec.com\/en\/wp-json\/wp\/v2\/media\/2102"}],"wp:attachment":[{"href":"https:\/\/xtralife-ec.com\/en\/wp-json\/wp\/v2\/media?parent=1670"}],"wp:term":[{"taxonomy":"product_brand","embeddable":true,"href":"https:\/\/xtralife-ec.com\/en\/wp-json\/wp\/v2\/product_brand?post=1670"},{"taxonomy":"product_cat","embeddable":true,"href":"https:\/\/xtralife-ec.com\/en\/wp-json\/wp\/v2\/product_cat?post=1670"},{"taxonomy":"product_tag","embeddable":true,"href":"https:\/\/xtralife-ec.com\/en\/wp-json\/wp\/v2\/product_tag?post=1670"}],"curies":[{"name":"wp","href":"https:\/\/api.w.org\/{rel}","templated":true}]}}