{"id":1376,"date":"2023-06-13T22:20:02","date_gmt":"2023-06-13T22:20:02","guid":{"rendered":"https:\/\/xtralife-ec.com\/?post_type=product&#038;p=1376"},"modified":"2023-09-15T16:42:44","modified_gmt":"2023-09-15T16:42:44","slug":"xtrajuice-fruit","status":"publish","type":"product","link":"https:\/\/xtralife-ec.com\/en\/product\/xtrajuice-fruit\/","title":{"rendered":"Xtra Juice Fruit"},"content":{"rendered":"<p><em><strong>Benefits of <a href=\"https:\/\/xtralife-ec.com\/en\/product\/xtrajuice-fruit\/\">Xtra Juice Fruit<\/a><\/strong><\/em><\/p>\n<ul>\n<li>La vitamina C, vitamina A y \u00e1cido f\u00f3lico contribuyen a un normal funcionamiento del sistema inmune.<\/li>\n<li>La vitamina B6 contribuye a la reducci\u00f3n del cansancio y la fatiga.<\/li>\n<li>La manzana contiene vitamina E, que es un antioxidante y de los minerales se destaca el potasio que sirve para la transmisi\u00f3n y generaci\u00f3n del impulso nervioso y para la actividad muscular normal.<\/li>\n<li>La naranja, la toronja y el lim\u00f3n son fuentes importantes de vitamina C, necesarios para fortalecer el sistema inmunol\u00f3gico.<\/li>\n<li>El ar\u00e1ndano contiene vitamina C, y un antioxidante llamado proantocianidinas que se caracterizan por prevenir infecciones del tracto urinario.<\/li>\n<li>Cereza de acerola tiene propiedades antioxidantes debido al alto contenido de vitamina C, tambi\u00e9n es rico en tiamina, riboflavina, niacina y minerales como de hierro, calcio y f\u00f3sforo.<\/li>\n<li>La ra\u00edz de maca tiene propiedades antiestr\u00e9s y antidepresivas, mejora la fertilidad, tiene actividad antioxidante.<\/li>\n<li>El rizoma de remolacha es rico en folatos y vitamina C, tiene propiedades antioxidantes por la presencia de flavonoides, tiene un aporte considerable de potasio.<\/li>\n<li>La pi\u00f1a tiene alto contenido de vitamina C, tiene la enzima bromelina que facilita la digesti\u00f3n de las prote\u00ednas.<\/li>\n<li>La papaya es rica en vitaminas A y C, peque\u00f1as cantidades de vitamina E y K, tiamina, riboflavina, niacina, piridoxina y folato.<\/li>\n<li>El durazno tiene vitamina C, antioxidantes como el betacaroteno que ayudan a la piel, fortalece las u\u00f1as, dientes y cabello, entre los minerales se destaca el potasio.<\/li>\n<li>La ciruela tiene vitamina A y vitamina E ambas con acci\u00f3n antioxidante y entre los minerales con m\u00e1s contenido est\u00e1 el potasio que ayuda a mantener una presi\u00f3n arterial normal.<\/li>\n<\/ul>","protected":false},"excerpt":{"rendered":"<p><em><strong>Description <\/strong><\/em><\/p>\n<p>Sum\u00e9rgete en un estallido de sabor con Xtra Juice Fruit, el n\u00e9ctar refrescante que te transportar\u00e1 a un para\u00edso frutal. Nuestra deliciosa mezcla de jugos naturales te ofrece una explosi\u00f3n de sabores ex\u00f3ticos y vitaminas revitalizantes. Cada sorbo es una experiencia jugosa y refrescante que te llena de energ\u00eda y vitalidad. Disfruta de la frescura de las frutas m\u00e1s selectas en cada vaso de Xtra Juice Fruit. \u00a1Emb\u00e1rcate en un viaje de sabores irresistibles y eleva tu d\u00eda con la magia de la fruta!<\/p>\n<p><em><strong>Dose:<\/strong><\/em> Adultos, 2 c\u00e1psulas por la ma\u00f1ana<br \/>\n<em><strong>Notificaci\u00f3n sanitaria:<\/strong><\/em> 12138-ALE-0120<\/p>","protected":false},"featured_media":2163,"comment_status":"closed","ping_status":"closed","template":"","meta":{"_uag_custom_page_level_css":"","site-sidebar-layout":"default","site-content-layout":"default","ast-site-content-layout":"default","site-content-style":"default","site-sidebar-style":"default","ast-global-header-display":"","ast-banner-title-visibility":"","ast-main-header-display":"","ast-hfb-above-header-display":"","ast-hfb-below-header-display":"","ast-hfb-mobile-header-display":"","site-post-title":"","ast-breadcrumbs-content":"","ast-featured-img":"","footer-sml-layout":"","ast-disable-related-posts":"","theme-transparent-header-meta":"default","adv-header-id-meta":"","stick-header-meta":"","header-above-stick-meta":"","header-main-stick-meta":"","header-below-stick-meta":"","astra-migrate-meta-layouts":"set","ast-page-background-enabled":"default","ast-page-background-meta":{"desktop":{"background-color":"","background-image":"","background-repeat":"repeat","background-position":"center center","background-size":"auto","background-attachment":"scroll","background-type":"","background-media":"","overlay-type":"","overlay-color":"","overlay-opacity":"","overlay-gradient":""},"tablet":{"background-color":"","background-image":"","background-repeat":"repeat","background-position":"center center","background-size":"auto","background-attachment":"scroll","background-type":"","background-media":"","overlay-type":"","overlay-color":"","overlay-opacity":"","overlay-gradient":""},"mobile":{"background-color":"","background-image":"","background-repeat":"repeat","background-position":"center center","background-size":"auto","background-attachment":"scroll","background-type":"","background-media":"","overlay-type":"","overlay-color":"","overlay-opacity":"","overlay-gradient":""}},"ast-content-background-meta":{"desktop":{"background-color":"var(--ast-global-color-5)","background-image":"","background-repeat":"repeat","background-position":"center center","background-size":"auto","background-attachment":"scroll","background-type":"","background-media":"","overlay-type":"","overlay-color":"","overlay-opacity":"","overlay-gradient":""},"tablet":{"background-color":"var(--ast-global-color-5)","background-image":"","background-repeat":"repeat","background-position":"center center","background-size":"auto","background-attachment":"scroll","background-type":"","background-media":"","overlay-type":"","overlay-color":"","overlay-opacity":"","overlay-gradient":""},"mobile":{"background-color":"var(--ast-global-color-5)","background-image":"","background-repeat":"repeat","background-position":"center center","background-size":"auto","background-attachment":"scroll","background-type":"","background-media":"","overlay-type":"","overlay-color":"","overlay-opacity":"","overlay-gradient":""}}},"product_brand":[],"product_cat":[35],"product_tag":[],"class_list":{"0":"post-1376","1":"product","2":"type-product","3":"status-publish","4":"has-post-thumbnail","6":"product_cat-suplementos-alimenticios","7":"desktop-align-left","8":"tablet-align-left","9":"mobile-align-left","11":"first","12":"outofstock","13":"shipping-taxable","14":"purchasable","15":"product-type-simple"},"yoast_head":"<!-- This site is optimized with the Yoast SEO plugin v27.3 - https:\/\/yoast.com\/product\/yoast-seo-wordpress\/ -->\n<title>Xtra Juice Fruit - Xtralife<\/title>\n<meta name=\"description\" content=\"Xtra Juice Fruit, nuestra deliciosa mezcla de jugos naturales te ofrece una explosi\u00f3n de sabores ex\u00f3ticos y vitaminas revitalizantes.\" \/>\n<meta name=\"robots\" content=\"index, follow, max-snippet:-1, max-image-preview:large, max-video-preview:-1\" \/>\n<link rel=\"canonical\" href=\"https:\/\/xtralife-ec.com\/en\/product\/xtrajuice-fruit\/\" \/>\n<meta property=\"og:locale\" content=\"en_US\" \/>\n<meta property=\"og:type\" content=\"article\" \/>\n<meta property=\"og:title\" content=\"Xtra Juice Fruit - Xtralife\" \/>\n<meta property=\"og:description\" content=\"Xtra Juice Fruit, nuestra deliciosa mezcla de jugos naturales te ofrece una explosi\u00f3n de sabores ex\u00f3ticos y vitaminas revitalizantes.\" \/>\n<meta property=\"og:url\" content=\"https:\/\/xtralife-ec.com\/en\/product\/xtrajuice-fruit\/\" \/>\n<meta property=\"og:site_name\" content=\"Xtralife\" \/>\n<meta property=\"article:publisher\" content=\"https:\/\/www.facebook.com\/XTRALIFEecuador\" \/>\n<meta property=\"article:modified_time\" content=\"2023-09-15T16:42:44+00:00\" \/>\n<meta property=\"og:image\" content=\"https:\/\/i0.wp.com\/xtralife-ec.com\/wp-content\/uploads\/2023\/06\/Xtrajuice-Fruit.webp?fit=2400%2C2400&ssl=1\" \/>\n\t<meta property=\"og:image:width\" content=\"2400\" \/>\n\t<meta property=\"og:image:height\" content=\"2400\" \/>\n\t<meta property=\"og:image:type\" content=\"image\/webp\" \/>\n<meta name=\"twitter:card\" content=\"summary_large_image\" \/>\n<meta name=\"twitter:label1\" content=\"Est. reading time\" \/>\n\t<meta name=\"twitter:data1\" content=\"2 minutes\" \/>\n<script type=\"application\/ld+json\" class=\"yoast-schema-graph\">{\"@context\":\"https:\\\/\\\/schema.org\",\"@graph\":[{\"@type\":\"WebPage\",\"@id\":\"https:\\\/\\\/xtralife-ec.com\\\/producto\\\/xtrajuice-fruit\\\/\",\"url\":\"https:\\\/\\\/xtralife-ec.com\\\/producto\\\/xtrajuice-fruit\\\/\",\"name\":\"Xtra Juice Fruit - Xtralife\",\"isPartOf\":{\"@id\":\"https:\\\/\\\/xtralife-ec.com\\\/#website\"},\"primaryImageOfPage\":{\"@id\":\"https:\\\/\\\/xtralife-ec.com\\\/producto\\\/xtrajuice-fruit\\\/#primaryimage\"},\"image\":{\"@id\":\"https:\\\/\\\/xtralife-ec.com\\\/producto\\\/xtrajuice-fruit\\\/#primaryimage\"},\"thumbnailUrl\":\"https:\\\/\\\/i0.wp.com\\\/xtralife-ec.com\\\/wp-content\\\/uploads\\\/2023\\\/06\\\/Xtrajuice-Fruit.webp?fit=2400%2C2400&ssl=1\",\"datePublished\":\"2023-06-13T22:20:02+00:00\",\"dateModified\":\"2023-09-15T16:42:44+00:00\",\"description\":\"Xtra Juice Fruit, nuestra deliciosa mezcla de jugos naturales te ofrece una explosi\u00f3n de sabores ex\u00f3ticos y vitaminas revitalizantes.\",\"breadcrumb\":{\"@id\":\"https:\\\/\\\/xtralife-ec.com\\\/producto\\\/xtrajuice-fruit\\\/#breadcrumb\"},\"inLanguage\":\"en-US\",\"potentialAction\":[{\"@type\":\"ReadAction\",\"target\":[\"https:\\\/\\\/xtralife-ec.com\\\/producto\\\/xtrajuice-fruit\\\/\"]}]},{\"@type\":\"ImageObject\",\"inLanguage\":\"en-US\",\"@id\":\"https:\\\/\\\/xtralife-ec.com\\\/producto\\\/xtrajuice-fruit\\\/#primaryimage\",\"url\":\"https:\\\/\\\/i0.wp.com\\\/xtralife-ec.com\\\/wp-content\\\/uploads\\\/2023\\\/06\\\/Xtrajuice-Fruit.webp?fit=2400%2C2400&ssl=1\",\"contentUrl\":\"https:\\\/\\\/i0.wp.com\\\/xtralife-ec.com\\\/wp-content\\\/uploads\\\/2023\\\/06\\\/Xtrajuice-Fruit.webp?fit=2400%2C2400&ssl=1\",\"width\":2400,\"height\":2400},{\"@type\":\"BreadcrumbList\",\"@id\":\"https:\\\/\\\/xtralife-ec.com\\\/producto\\\/xtrajuice-fruit\\\/#breadcrumb\",\"itemListElement\":[{\"@type\":\"ListItem\",\"position\":1,\"name\":\"Portada\",\"item\":\"https:\\\/\\\/xtralife-ec.com\\\/\"},{\"@type\":\"ListItem\",\"position\":2,\"name\":\"Tienda\",\"item\":\"https:\\\/\\\/xtralife-ec.com\\\/tienda\\\/\"},{\"@type\":\"ListItem\",\"position\":3,\"name\":\"Xtra Juice Fruit\"}]},{\"@type\":\"WebSite\",\"@id\":\"https:\\\/\\\/xtralife-ec.com\\\/#website\",\"url\":\"https:\\\/\\\/xtralife-ec.com\\\/\",\"name\":\"Xtralife\",\"description\":\"\",\"publisher\":{\"@id\":\"https:\\\/\\\/xtralife-ec.com\\\/#organization\"},\"potentialAction\":[{\"@type\":\"SearchAction\",\"target\":{\"@type\":\"EntryPoint\",\"urlTemplate\":\"https:\\\/\\\/xtralife-ec.com\\\/?s={search_term_string}\"},\"query-input\":{\"@type\":\"PropertyValueSpecification\",\"valueRequired\":true,\"valueName\":\"search_term_string\"}}],\"inLanguage\":\"en-US\"},{\"@type\":\"Organization\",\"@id\":\"https:\\\/\\\/xtralife-ec.com\\\/#organization\",\"name\":\"Xtralife\",\"url\":\"https:\\\/\\\/xtralife-ec.com\\\/\",\"logo\":{\"@type\":\"ImageObject\",\"inLanguage\":\"en-US\",\"@id\":\"https:\\\/\\\/xtralife-ec.com\\\/#\\\/schema\\\/logo\\\/image\\\/\",\"url\":\"https:\\\/\\\/i0.wp.com\\\/xtralife-ec.com\\\/wp-content\\\/uploads\\\/2023\\\/06\\\/cropped-cropped-Logopaginaweb-3.png?fit=512%2C303&ssl=1\",\"contentUrl\":\"https:\\\/\\\/i0.wp.com\\\/xtralife-ec.com\\\/wp-content\\\/uploads\\\/2023\\\/06\\\/cropped-cropped-Logopaginaweb-3.png?fit=512%2C303&ssl=1\",\"width\":512,\"height\":303,\"caption\":\"Xtralife\"},\"image\":{\"@id\":\"https:\\\/\\\/xtralife-ec.com\\\/#\\\/schema\\\/logo\\\/image\\\/\"},\"sameAs\":[\"https:\\\/\\\/www.facebook.com\\\/XTRALIFEecuador\",\"https:\\\/\\\/www.instagram.com\\\/xtralife_vitaminas\\\/\",\"https:\\\/\\\/www.tiktok.com\\\/@xtralifevitaminas\"]}]}<\/script>\n<!-- \/ Yoast SEO plugin. -->","yoast_head_json":{"title":"Xtra Juice Fruit - Xtralife","description":"Xtra Juice Fruit, nuestra deliciosa mezcla de jugos naturales te ofrece una explosi\u00f3n de sabores ex\u00f3ticos y vitaminas revitalizantes.","robots":{"index":"index","follow":"follow","max-snippet":"max-snippet:-1","max-image-preview":"max-image-preview:large","max-video-preview":"max-video-preview:-1"},"canonical":"https:\/\/xtralife-ec.com\/en\/product\/xtrajuice-fruit\/","og_locale":"en_US","og_type":"article","og_title":"Xtra Juice Fruit - Xtralife","og_description":"Xtra Juice Fruit, nuestra deliciosa mezcla de jugos naturales te ofrece una explosi\u00f3n de sabores ex\u00f3ticos y vitaminas revitalizantes.","og_url":"https:\/\/xtralife-ec.com\/en\/product\/xtrajuice-fruit\/","og_site_name":"Xtralife","article_publisher":"https:\/\/www.facebook.com\/XTRALIFEecuador","article_modified_time":"2023-09-15T16:42:44+00:00","og_image":[{"width":2400,"height":2400,"url":"https:\/\/i0.wp.com\/xtralife-ec.com\/wp-content\/uploads\/2023\/06\/Xtrajuice-Fruit.webp?fit=2400%2C2400&ssl=1","type":"image\/webp"}],"twitter_card":"summary_large_image","twitter_misc":{"Est. reading time":"2 minutes"},"schema":{"@context":"https:\/\/schema.org","@graph":[{"@type":"WebPage","@id":"https:\/\/xtralife-ec.com\/producto\/xtrajuice-fruit\/","url":"https:\/\/xtralife-ec.com\/producto\/xtrajuice-fruit\/","name":"Xtra Juice Fruit - Xtralife","isPartOf":{"@id":"https:\/\/xtralife-ec.com\/#website"},"primaryImageOfPage":{"@id":"https:\/\/xtralife-ec.com\/producto\/xtrajuice-fruit\/#primaryimage"},"image":{"@id":"https:\/\/xtralife-ec.com\/producto\/xtrajuice-fruit\/#primaryimage"},"thumbnailUrl":"https:\/\/i0.wp.com\/xtralife-ec.com\/wp-content\/uploads\/2023\/06\/Xtrajuice-Fruit.webp?fit=2400%2C2400&ssl=1","datePublished":"2023-06-13T22:20:02+00:00","dateModified":"2023-09-15T16:42:44+00:00","description":"Xtra Juice Fruit, nuestra deliciosa mezcla de jugos naturales te ofrece una explosi\u00f3n de sabores ex\u00f3ticos y vitaminas revitalizantes.","breadcrumb":{"@id":"https:\/\/xtralife-ec.com\/producto\/xtrajuice-fruit\/#breadcrumb"},"inLanguage":"en-US","potentialAction":[{"@type":"ReadAction","target":["https:\/\/xtralife-ec.com\/producto\/xtrajuice-fruit\/"]}]},{"@type":"ImageObject","inLanguage":"en-US","@id":"https:\/\/xtralife-ec.com\/producto\/xtrajuice-fruit\/#primaryimage","url":"https:\/\/i0.wp.com\/xtralife-ec.com\/wp-content\/uploads\/2023\/06\/Xtrajuice-Fruit.webp?fit=2400%2C2400&ssl=1","contentUrl":"https:\/\/i0.wp.com\/xtralife-ec.com\/wp-content\/uploads\/2023\/06\/Xtrajuice-Fruit.webp?fit=2400%2C2400&ssl=1","width":2400,"height":2400},{"@type":"BreadcrumbList","@id":"https:\/\/xtralife-ec.com\/producto\/xtrajuice-fruit\/#breadcrumb","itemListElement":[{"@type":"ListItem","position":1,"name":"Portada","item":"https:\/\/xtralife-ec.com\/"},{"@type":"ListItem","position":2,"name":"Tienda","item":"https:\/\/xtralife-ec.com\/tienda\/"},{"@type":"ListItem","position":3,"name":"Xtra Juice Fruit"}]},{"@type":"WebSite","@id":"https:\/\/xtralife-ec.com\/#website","url":"https:\/\/xtralife-ec.com\/","name":"Xtralife","description":"","publisher":{"@id":"https:\/\/xtralife-ec.com\/#organization"},"potentialAction":[{"@type":"SearchAction","target":{"@type":"EntryPoint","urlTemplate":"https:\/\/xtralife-ec.com\/?s={search_term_string}"},"query-input":{"@type":"PropertyValueSpecification","valueRequired":true,"valueName":"search_term_string"}}],"inLanguage":"en-US"},{"@type":"Organization","@id":"https:\/\/xtralife-ec.com\/#organization","name":"Xtralife","url":"https:\/\/xtralife-ec.com\/","logo":{"@type":"ImageObject","inLanguage":"en-US","@id":"https:\/\/xtralife-ec.com\/#\/schema\/logo\/image\/","url":"https:\/\/i0.wp.com\/xtralife-ec.com\/wp-content\/uploads\/2023\/06\/cropped-cropped-Logopaginaweb-3.png?fit=512%2C303&ssl=1","contentUrl":"https:\/\/i0.wp.com\/xtralife-ec.com\/wp-content\/uploads\/2023\/06\/cropped-cropped-Logopaginaweb-3.png?fit=512%2C303&ssl=1","width":512,"height":303,"caption":"Xtralife"},"image":{"@id":"https:\/\/xtralife-ec.com\/#\/schema\/logo\/image\/"},"sameAs":["https:\/\/www.facebook.com\/XTRALIFEecuador","https:\/\/www.instagram.com\/xtralife_vitaminas\/","https:\/\/www.tiktok.com\/@xtralifevitaminas"]}]}},"uagb_featured_image_src":{"full":["https:\/\/i0.wp.com\/xtralife-ec.com\/wp-content\/uploads\/2023\/06\/Xtrajuice-Fruit.webp?fit=2400%2C2400&ssl=1",2400,2400,false],"thumbnail":["https:\/\/i0.wp.com\/xtralife-ec.com\/wp-content\/uploads\/2023\/06\/Xtrajuice-Fruit.webp?resize=150%2C150&ssl=1",150,150,true],"medium":["https:\/\/i0.wp.com\/xtralife-ec.com\/wp-content\/uploads\/2023\/06\/Xtrajuice-Fruit.webp?fit=300%2C300&ssl=1",300,300,true],"medium_large":["https:\/\/i0.wp.com\/xtralife-ec.com\/wp-content\/uploads\/2023\/06\/Xtrajuice-Fruit.webp?fit=768%2C768&ssl=1",768,768,true],"large":["https:\/\/i0.wp.com\/xtralife-ec.com\/wp-content\/uploads\/2023\/06\/Xtrajuice-Fruit.webp?fit=1024%2C1024&ssl=1",1024,1024,true],"1536x1536":["https:\/\/i0.wp.com\/xtralife-ec.com\/wp-content\/uploads\/2023\/06\/Xtrajuice-Fruit.webp?fit=1536%2C1536&ssl=1",1536,1536,true],"2048x2048":["https:\/\/i0.wp.com\/xtralife-ec.com\/wp-content\/uploads\/2023\/06\/Xtrajuice-Fruit.webp?fit=2048%2C2048&ssl=1",2048,2048,true],"trp-custom-language-flag":["https:\/\/i0.wp.com\/xtralife-ec.com\/wp-content\/uploads\/2023\/06\/Xtrajuice-Fruit.webp?fit=12%2C12&ssl=1",12,12,true],"woocommerce_thumbnail":["https:\/\/i0.wp.com\/xtralife-ec.com\/wp-content\/uploads\/2023\/06\/Xtrajuice-Fruit.webp?resize=300%2C300&ssl=1",300,300,true],"woocommerce_single":["https:\/\/i0.wp.com\/xtralife-ec.com\/wp-content\/uploads\/2023\/06\/Xtrajuice-Fruit.webp?fit=600%2C600&ssl=1",600,600,true],"woocommerce_gallery_thumbnail":["https:\/\/i0.wp.com\/xtralife-ec.com\/wp-content\/uploads\/2023\/06\/Xtrajuice-Fruit.webp?resize=100%2C100&ssl=1",100,100,true]},"uagb_author_info":{"display_name":"Xtralife","author_link":"https:\/\/xtralife-ec.com\/en\/author\/"},"uagb_comment_info":0,"uagb_excerpt":"Descripci\u00f3n Sum\u00e9rgete en un estallido de sabor con Xtra Juice Fruit, el n\u00e9ctar refrescante que te transportar\u00e1 a un para\u00edso frutal. Nuestra deliciosa mezcla de jugos naturales te ofrece una explosi\u00f3n de sabores ex\u00f3ticos y vitaminas revitalizantes. Cada sorbo es una experiencia jugosa y refrescante que te llena de energ\u00eda y vitalidad. Disfruta de la&hellip;","jetpack_sharing_enabled":true,"_links":{"self":[{"href":"https:\/\/xtralife-ec.com\/en\/wp-json\/wp\/v2\/product\/1376","targetHints":{"allow":["GET"]}}],"collection":[{"href":"https:\/\/xtralife-ec.com\/en\/wp-json\/wp\/v2\/product"}],"about":[{"href":"https:\/\/xtralife-ec.com\/en\/wp-json\/wp\/v2\/types\/product"}],"replies":[{"embeddable":true,"href":"https:\/\/xtralife-ec.com\/en\/wp-json\/wp\/v2\/comments?post=1376"}],"wp:featuredmedia":[{"embeddable":true,"href":"https:\/\/xtralife-ec.com\/en\/wp-json\/wp\/v2\/media\/2163"}],"wp:attachment":[{"href":"https:\/\/xtralife-ec.com\/en\/wp-json\/wp\/v2\/media?parent=1376"}],"wp:term":[{"taxonomy":"product_brand","embeddable":true,"href":"https:\/\/xtralife-ec.com\/en\/wp-json\/wp\/v2\/product_brand?post=1376"},{"taxonomy":"product_cat","embeddable":true,"href":"https:\/\/xtralife-ec.com\/en\/wp-json\/wp\/v2\/product_cat?post=1376"},{"taxonomy":"product_tag","embeddable":true,"href":"https:\/\/xtralife-ec.com\/en\/wp-json\/wp\/v2\/product_tag?post=1376"}],"curies":[{"name":"wp","href":"https:\/\/api.w.org\/{rel}","templated":true}]}}