{"id":1321,"date":"2023-06-13T21:16:15","date_gmt":"2023-06-13T21:16:15","guid":{"rendered":"https:\/\/xtralife-ec.com\/?post_type=product&#038;p=1321"},"modified":"2023-09-21T18:36:32","modified_gmt":"2023-09-21T18:36:32","slug":"milk-thistle","status":"publish","type":"product","link":"https:\/\/xtralife-ec.com\/en\/product\/milk-thistle\/","title":{"rendered":"Milk Thistle"},"content":{"rendered":"<p><em><strong>Benefits of<a href=\"https:\/\/xtralife-ec.com\/en\/product\/milk-thiskle\/\"> Milk Thistle<\/a><\/strong><\/em><\/p>\n<ul>\n<li>Helps reduce acid reflux, stomach pain, colic, nausea and vomiting.<\/li>\n<li>A component of milk thistle called <a href=\"https:\/\/fatroiberica.es\/sabermas\/beneficios-de-la-silimarina-como-protector-hepatico\/\">Slilymarin<\/a>is useful for lowering blood sugar and cholesterol levels in people with type 2 diabetes.<\/li>\n<li>Helps in the treatment <a href=\"https:\/\/xtralife-ec.com\/en\/2023\/06\/22\/causas-del-higado-graso\/\">alcohol-related<\/a> liver diseases<\/li>\n<\/ul>","protected":false},"excerpt":{"rendered":"<p>Description<\/p>\n<p>Care for and protect your liver with Milk Thistle, your natural ally for optimal liver health. With its potent silymarin content, this special supplement acts as a protective shield for your liver, helping to detoxify and revitalize liver cells. Milk Thistle promotes a healthy balance in your filtration system, providing antioxidant support and strengthening liver function. Discover the benefits of Milk Thistle and enjoy a healthier, more energetic liver. Dare to take care of your inner well-being and experience a life full of vitality and wellness with Milk Thistle.<\/p>\n<p><em><strong>Dose:<\/strong><\/em> 1 capsule daily<br \/>\n<em><strong>Health Register:<\/strong><\/em> 769-MNE-06-12<\/p>\n<p>&nbsp;<\/p>","protected":false},"featured_media":2249,"comment_status":"closed","ping_status":"closed","template":"","meta":{"_uag_custom_page_level_css":"","site-sidebar-layout":"default","site-content-layout":"default","ast-site-content-layout":"default","site-content-style":"default","site-sidebar-style":"default","ast-global-header-display":"","ast-banner-title-visibility":"","ast-main-header-display":"","ast-hfb-above-header-display":"","ast-hfb-below-header-display":"","ast-hfb-mobile-header-display":"","site-post-title":"","ast-breadcrumbs-content":"","ast-featured-img":"","footer-sml-layout":"","ast-disable-related-posts":"","theme-transparent-header-meta":"default","adv-header-id-meta":"","stick-header-meta":"","header-above-stick-meta":"","header-main-stick-meta":"","header-below-stick-meta":"","astra-migrate-meta-layouts":"set","ast-page-background-enabled":"default","ast-page-background-meta":{"desktop":{"background-color":"","background-image":"","background-repeat":"repeat","background-position":"center center","background-size":"auto","background-attachment":"scroll","background-type":"","background-media":"","overlay-type":"","overlay-color":"","overlay-opacity":"","overlay-gradient":""},"tablet":{"background-color":"","background-image":"","background-repeat":"repeat","background-position":"center center","background-size":"auto","background-attachment":"scroll","background-type":"","background-media":"","overlay-type":"","overlay-color":"","overlay-opacity":"","overlay-gradient":""},"mobile":{"background-color":"","background-image":"","background-repeat":"repeat","background-position":"center center","background-size":"auto","background-attachment":"scroll","background-type":"","background-media":"","overlay-type":"","overlay-color":"","overlay-opacity":"","overlay-gradient":""}},"ast-content-background-meta":{"desktop":{"background-color":"var(--ast-global-color-5)","background-image":"","background-repeat":"repeat","background-position":"center center","background-size":"auto","background-attachment":"scroll","background-type":"","background-media":"","overlay-type":"","overlay-color":"","overlay-opacity":"","overlay-gradient":""},"tablet":{"background-color":"var(--ast-global-color-5)","background-image":"","background-repeat":"repeat","background-position":"center center","background-size":"auto","background-attachment":"scroll","background-type":"","background-media":"","overlay-type":"","overlay-color":"","overlay-opacity":"","overlay-gradient":""},"mobile":{"background-color":"var(--ast-global-color-5)","background-image":"","background-repeat":"repeat","background-position":"center center","background-size":"auto","background-attachment":"scroll","background-type":"","background-media":"","overlay-type":"","overlay-color":"","overlay-opacity":"","overlay-gradient":""}}},"product_brand":[],"product_cat":[33],"product_tag":[],"class_list":{"0":"post-1321","1":"product","2":"type-product","3":"status-publish","4":"has-post-thumbnail","6":"product_cat-productos-naturales","7":"desktop-align-left","8":"tablet-align-left","9":"mobile-align-left","11":"first","12":"instock","13":"shipping-taxable","14":"purchasable","15":"product-type-simple"},"yoast_head":"<!-- This site is optimized with the Yoast SEO plugin v27.4 - https:\/\/yoast.com\/product\/yoast-seo-wordpress\/ -->\n<title>Milk Thistle - Xtralife<\/title>\n<meta name=\"description\" content=\"Milk Thistle promueve un equilibrio saludable en tu sistema de filtraci\u00f3n, brindando apoyo antioxidante y fortaleciendo la funci\u00f3n hep\u00e1tica.\" \/>\n<meta name=\"robots\" content=\"index, follow, max-snippet:-1, max-image-preview:large, max-video-preview:-1\" \/>\n<link rel=\"canonical\" href=\"https:\/\/xtralife-ec.com\/en\/product\/milk-thistle\/\" \/>\n<meta property=\"og:locale\" content=\"en_US\" \/>\n<meta property=\"og:type\" content=\"article\" \/>\n<meta property=\"og:title\" content=\"Milk Thistle - Xtralife\" \/>\n<meta property=\"og:description\" content=\"Milk Thistle promueve un equilibrio saludable en tu sistema de filtraci\u00f3n, brindando apoyo antioxidante y fortaleciendo la funci\u00f3n hep\u00e1tica.\" \/>\n<meta property=\"og:url\" content=\"https:\/\/xtralife-ec.com\/en\/product\/milk-thistle\/\" \/>\n<meta property=\"og:site_name\" content=\"Xtralife\" \/>\n<meta property=\"article:publisher\" content=\"https:\/\/www.facebook.com\/XTRALIFEecuador\" \/>\n<meta property=\"article:modified_time\" content=\"2023-09-21T18:36:32+00:00\" \/>\n<meta property=\"og:image\" content=\"https:\/\/i0.wp.com\/xtralife-ec.com\/wp-content\/uploads\/2023\/06\/Milk-Thiskle.webp?fit=2400%2C2400&ssl=1\" \/>\n\t<meta property=\"og:image:width\" content=\"2400\" \/>\n\t<meta property=\"og:image:height\" content=\"2400\" \/>\n\t<meta property=\"og:image:type\" content=\"image\/webp\" \/>\n<meta name=\"twitter:card\" content=\"summary_large_image\" \/>\n<meta name=\"twitter:label1\" content=\"Est. reading time\" \/>\n\t<meta name=\"twitter:data1\" content=\"1 minute\" \/>\n<script type=\"application\/ld+json\" class=\"yoast-schema-graph\">{\"@context\":\"https:\\\/\\\/schema.org\",\"@graph\":[{\"@type\":\"WebPage\",\"@id\":\"https:\\\/\\\/xtralife-ec.com\\\/producto\\\/milk-thistle\\\/\",\"url\":\"https:\\\/\\\/xtralife-ec.com\\\/producto\\\/milk-thistle\\\/\",\"name\":\"Milk Thistle - Xtralife\",\"isPartOf\":{\"@id\":\"https:\\\/\\\/xtralife-ec.com\\\/#website\"},\"primaryImageOfPage\":{\"@id\":\"https:\\\/\\\/xtralife-ec.com\\\/producto\\\/milk-thistle\\\/#primaryimage\"},\"image\":{\"@id\":\"https:\\\/\\\/xtralife-ec.com\\\/producto\\\/milk-thistle\\\/#primaryimage\"},\"thumbnailUrl\":\"https:\\\/\\\/i0.wp.com\\\/xtralife-ec.com\\\/wp-content\\\/uploads\\\/2023\\\/06\\\/Milk-Thiskle.webp?fit=2400%2C2400&ssl=1\",\"datePublished\":\"2023-06-13T21:16:15+00:00\",\"dateModified\":\"2023-09-21T18:36:32+00:00\",\"description\":\"Milk Thistle promueve un equilibrio saludable en tu sistema de filtraci\u00f3n, brindando apoyo antioxidante y fortaleciendo la funci\u00f3n hep\u00e1tica.\",\"breadcrumb\":{\"@id\":\"https:\\\/\\\/xtralife-ec.com\\\/producto\\\/milk-thistle\\\/#breadcrumb\"},\"inLanguage\":\"en-US\",\"potentialAction\":[{\"@type\":\"ReadAction\",\"target\":[\"https:\\\/\\\/xtralife-ec.com\\\/producto\\\/milk-thistle\\\/\"]}]},{\"@type\":\"ImageObject\",\"inLanguage\":\"en-US\",\"@id\":\"https:\\\/\\\/xtralife-ec.com\\\/producto\\\/milk-thistle\\\/#primaryimage\",\"url\":\"https:\\\/\\\/i0.wp.com\\\/xtralife-ec.com\\\/wp-content\\\/uploads\\\/2023\\\/06\\\/Milk-Thiskle.webp?fit=2400%2C2400&ssl=1\",\"contentUrl\":\"https:\\\/\\\/i0.wp.com\\\/xtralife-ec.com\\\/wp-content\\\/uploads\\\/2023\\\/06\\\/Milk-Thiskle.webp?fit=2400%2C2400&ssl=1\",\"width\":2400,\"height\":2400},{\"@type\":\"BreadcrumbList\",\"@id\":\"https:\\\/\\\/xtralife-ec.com\\\/producto\\\/milk-thistle\\\/#breadcrumb\",\"itemListElement\":[{\"@type\":\"ListItem\",\"position\":1,\"name\":\"Portada\",\"item\":\"https:\\\/\\\/xtralife-ec.com\\\/\"},{\"@type\":\"ListItem\",\"position\":2,\"name\":\"Tienda\",\"item\":\"https:\\\/\\\/xtralife-ec.com\\\/tienda\\\/\"},{\"@type\":\"ListItem\",\"position\":3,\"name\":\"Milk Thistle\"}]},{\"@type\":\"WebSite\",\"@id\":\"https:\\\/\\\/xtralife-ec.com\\\/#website\",\"url\":\"https:\\\/\\\/xtralife-ec.com\\\/\",\"name\":\"Xtralife\",\"description\":\"\",\"publisher\":{\"@id\":\"https:\\\/\\\/xtralife-ec.com\\\/#organization\"},\"potentialAction\":[{\"@type\":\"SearchAction\",\"target\":{\"@type\":\"EntryPoint\",\"urlTemplate\":\"https:\\\/\\\/xtralife-ec.com\\\/?s={search_term_string}\"},\"query-input\":{\"@type\":\"PropertyValueSpecification\",\"valueRequired\":true,\"valueName\":\"search_term_string\"}}],\"inLanguage\":\"en-US\"},{\"@type\":\"Organization\",\"@id\":\"https:\\\/\\\/xtralife-ec.com\\\/#organization\",\"name\":\"Xtralife\",\"url\":\"https:\\\/\\\/xtralife-ec.com\\\/\",\"logo\":{\"@type\":\"ImageObject\",\"inLanguage\":\"en-US\",\"@id\":\"https:\\\/\\\/xtralife-ec.com\\\/#\\\/schema\\\/logo\\\/image\\\/\",\"url\":\"https:\\\/\\\/i0.wp.com\\\/xtralife-ec.com\\\/wp-content\\\/uploads\\\/2023\\\/06\\\/cropped-cropped-Logopaginaweb-3.png?fit=512%2C303&ssl=1\",\"contentUrl\":\"https:\\\/\\\/i0.wp.com\\\/xtralife-ec.com\\\/wp-content\\\/uploads\\\/2023\\\/06\\\/cropped-cropped-Logopaginaweb-3.png?fit=512%2C303&ssl=1\",\"width\":512,\"height\":303,\"caption\":\"Xtralife\"},\"image\":{\"@id\":\"https:\\\/\\\/xtralife-ec.com\\\/#\\\/schema\\\/logo\\\/image\\\/\"},\"sameAs\":[\"https:\\\/\\\/www.facebook.com\\\/XTRALIFEecuador\",\"https:\\\/\\\/www.instagram.com\\\/xtralife_vitaminas\\\/\",\"https:\\\/\\\/www.tiktok.com\\\/@xtralifevitaminas\"]}]}<\/script>\n<!-- \/ Yoast SEO plugin. -->","yoast_head_json":{"title":"Milk Thistle - Xtralife","description":"Milk Thistle promueve un equilibrio saludable en tu sistema de filtraci\u00f3n, brindando apoyo antioxidante y fortaleciendo la funci\u00f3n hep\u00e1tica.","robots":{"index":"index","follow":"follow","max-snippet":"max-snippet:-1","max-image-preview":"max-image-preview:large","max-video-preview":"max-video-preview:-1"},"canonical":"https:\/\/xtralife-ec.com\/en\/product\/milk-thistle\/","og_locale":"en_US","og_type":"article","og_title":"Milk Thistle - Xtralife","og_description":"Milk Thistle promueve un equilibrio saludable en tu sistema de filtraci\u00f3n, brindando apoyo antioxidante y fortaleciendo la funci\u00f3n hep\u00e1tica.","og_url":"https:\/\/xtralife-ec.com\/en\/product\/milk-thistle\/","og_site_name":"Xtralife","article_publisher":"https:\/\/www.facebook.com\/XTRALIFEecuador","article_modified_time":"2023-09-21T18:36:32+00:00","og_image":[{"width":2400,"height":2400,"url":"https:\/\/i0.wp.com\/xtralife-ec.com\/wp-content\/uploads\/2023\/06\/Milk-Thiskle.webp?fit=2400%2C2400&ssl=1","type":"image\/webp"}],"twitter_card":"summary_large_image","twitter_misc":{"Est. reading time":"1 minute"},"schema":{"@context":"https:\/\/schema.org","@graph":[{"@type":"WebPage","@id":"https:\/\/xtralife-ec.com\/producto\/milk-thistle\/","url":"https:\/\/xtralife-ec.com\/producto\/milk-thistle\/","name":"Milk Thistle - Xtralife","isPartOf":{"@id":"https:\/\/xtralife-ec.com\/#website"},"primaryImageOfPage":{"@id":"https:\/\/xtralife-ec.com\/producto\/milk-thistle\/#primaryimage"},"image":{"@id":"https:\/\/xtralife-ec.com\/producto\/milk-thistle\/#primaryimage"},"thumbnailUrl":"https:\/\/i0.wp.com\/xtralife-ec.com\/wp-content\/uploads\/2023\/06\/Milk-Thiskle.webp?fit=2400%2C2400&ssl=1","datePublished":"2023-06-13T21:16:15+00:00","dateModified":"2023-09-21T18:36:32+00:00","description":"Milk Thistle promueve un equilibrio saludable en tu sistema de filtraci\u00f3n, brindando apoyo antioxidante y fortaleciendo la funci\u00f3n hep\u00e1tica.","breadcrumb":{"@id":"https:\/\/xtralife-ec.com\/producto\/milk-thistle\/#breadcrumb"},"inLanguage":"en-US","potentialAction":[{"@type":"ReadAction","target":["https:\/\/xtralife-ec.com\/producto\/milk-thistle\/"]}]},{"@type":"ImageObject","inLanguage":"en-US","@id":"https:\/\/xtralife-ec.com\/producto\/milk-thistle\/#primaryimage","url":"https:\/\/i0.wp.com\/xtralife-ec.com\/wp-content\/uploads\/2023\/06\/Milk-Thiskle.webp?fit=2400%2C2400&ssl=1","contentUrl":"https:\/\/i0.wp.com\/xtralife-ec.com\/wp-content\/uploads\/2023\/06\/Milk-Thiskle.webp?fit=2400%2C2400&ssl=1","width":2400,"height":2400},{"@type":"BreadcrumbList","@id":"https:\/\/xtralife-ec.com\/producto\/milk-thistle\/#breadcrumb","itemListElement":[{"@type":"ListItem","position":1,"name":"Portada","item":"https:\/\/xtralife-ec.com\/"},{"@type":"ListItem","position":2,"name":"Tienda","item":"https:\/\/xtralife-ec.com\/tienda\/"},{"@type":"ListItem","position":3,"name":"Milk Thistle"}]},{"@type":"WebSite","@id":"https:\/\/xtralife-ec.com\/#website","url":"https:\/\/xtralife-ec.com\/","name":"Xtralife","description":"","publisher":{"@id":"https:\/\/xtralife-ec.com\/#organization"},"potentialAction":[{"@type":"SearchAction","target":{"@type":"EntryPoint","urlTemplate":"https:\/\/xtralife-ec.com\/?s={search_term_string}"},"query-input":{"@type":"PropertyValueSpecification","valueRequired":true,"valueName":"search_term_string"}}],"inLanguage":"en-US"},{"@type":"Organization","@id":"https:\/\/xtralife-ec.com\/#organization","name":"Xtralife","url":"https:\/\/xtralife-ec.com\/","logo":{"@type":"ImageObject","inLanguage":"en-US","@id":"https:\/\/xtralife-ec.com\/#\/schema\/logo\/image\/","url":"https:\/\/i0.wp.com\/xtralife-ec.com\/wp-content\/uploads\/2023\/06\/cropped-cropped-Logopaginaweb-3.png?fit=512%2C303&ssl=1","contentUrl":"https:\/\/i0.wp.com\/xtralife-ec.com\/wp-content\/uploads\/2023\/06\/cropped-cropped-Logopaginaweb-3.png?fit=512%2C303&ssl=1","width":512,"height":303,"caption":"Xtralife"},"image":{"@id":"https:\/\/xtralife-ec.com\/#\/schema\/logo\/image\/"},"sameAs":["https:\/\/www.facebook.com\/XTRALIFEecuador","https:\/\/www.instagram.com\/xtralife_vitaminas\/","https:\/\/www.tiktok.com\/@xtralifevitaminas"]}]}},"uagb_featured_image_src":{"full":["https:\/\/i0.wp.com\/xtralife-ec.com\/wp-content\/uploads\/2023\/06\/Milk-Thiskle.webp?fit=2400%2C2400&ssl=1",2400,2400,false],"thumbnail":["https:\/\/i0.wp.com\/xtralife-ec.com\/wp-content\/uploads\/2023\/06\/Milk-Thiskle.webp?resize=150%2C150&ssl=1",150,150,true],"medium":["https:\/\/i0.wp.com\/xtralife-ec.com\/wp-content\/uploads\/2023\/06\/Milk-Thiskle.webp?fit=300%2C300&ssl=1",300,300,true],"medium_large":["https:\/\/i0.wp.com\/xtralife-ec.com\/wp-content\/uploads\/2023\/06\/Milk-Thiskle.webp?fit=768%2C768&ssl=1",768,768,true],"large":["https:\/\/i0.wp.com\/xtralife-ec.com\/wp-content\/uploads\/2023\/06\/Milk-Thiskle.webp?fit=1024%2C1024&ssl=1",1024,1024,true],"1536x1536":["https:\/\/i0.wp.com\/xtralife-ec.com\/wp-content\/uploads\/2023\/06\/Milk-Thiskle.webp?fit=1536%2C1536&ssl=1",1536,1536,true],"2048x2048":["https:\/\/i0.wp.com\/xtralife-ec.com\/wp-content\/uploads\/2023\/06\/Milk-Thiskle.webp?fit=2048%2C2048&ssl=1",2048,2048,true],"trp-custom-language-flag":["https:\/\/i0.wp.com\/xtralife-ec.com\/wp-content\/uploads\/2023\/06\/Milk-Thiskle.webp?fit=12%2C12&ssl=1",12,12,true],"woocommerce_thumbnail":["https:\/\/i0.wp.com\/xtralife-ec.com\/wp-content\/uploads\/2023\/06\/Milk-Thiskle.webp?resize=300%2C300&ssl=1",300,300,true],"woocommerce_single":["https:\/\/i0.wp.com\/xtralife-ec.com\/wp-content\/uploads\/2023\/06\/Milk-Thiskle.webp?fit=600%2C600&ssl=1",600,600,true],"woocommerce_gallery_thumbnail":["https:\/\/i0.wp.com\/xtralife-ec.com\/wp-content\/uploads\/2023\/06\/Milk-Thiskle.webp?resize=100%2C100&ssl=1",100,100,true]},"uagb_author_info":{"display_name":"Xtralife","author_link":"https:\/\/xtralife-ec.com\/en\/author\/"},"uagb_comment_info":0,"uagb_excerpt":"Descripci\u00f3n Cuida y protege tu h\u00edgado con Milk Thistle, tu aliado natural para una salud hep\u00e1tica \u00f3ptima. Con su potente contenido de silimarina, este suplemento especial act\u00faa como un escudo protector para tu h\u00edgado, ayudando a desintoxicar y revitalizar las c\u00e9lulas hep\u00e1ticas. Milk Thistle promueve un equilibrio saludable en tu sistema de filtraci\u00f3n, brindando apoyo&hellip;","jetpack_sharing_enabled":true,"_links":{"self":[{"href":"https:\/\/xtralife-ec.com\/en\/wp-json\/wp\/v2\/product\/1321","targetHints":{"allow":["GET"]}}],"collection":[{"href":"https:\/\/xtralife-ec.com\/en\/wp-json\/wp\/v2\/product"}],"about":[{"href":"https:\/\/xtralife-ec.com\/en\/wp-json\/wp\/v2\/types\/product"}],"replies":[{"embeddable":true,"href":"https:\/\/xtralife-ec.com\/en\/wp-json\/wp\/v2\/comments?post=1321"}],"wp:featuredmedia":[{"embeddable":true,"href":"https:\/\/xtralife-ec.com\/en\/wp-json\/wp\/v2\/media\/2249"}],"wp:attachment":[{"href":"https:\/\/xtralife-ec.com\/en\/wp-json\/wp\/v2\/media?parent=1321"}],"wp:term":[{"taxonomy":"product_brand","embeddable":true,"href":"https:\/\/xtralife-ec.com\/en\/wp-json\/wp\/v2\/product_brand?post=1321"},{"taxonomy":"product_cat","embeddable":true,"href":"https:\/\/xtralife-ec.com\/en\/wp-json\/wp\/v2\/product_cat?post=1321"},{"taxonomy":"product_tag","embeddable":true,"href":"https:\/\/xtralife-ec.com\/en\/wp-json\/wp\/v2\/product_tag?post=1321"}],"curies":[{"name":"wp","href":"https:\/\/api.w.org\/{rel}","templated":true}]}}