{"id":1316,"date":"2023-06-13T20:48:28","date_gmt":"2023-06-13T20:48:28","guid":{"rendered":"https:\/\/xtralife-ec.com\/?post_type=product&#038;p=1316"},"modified":"2024-11-15T18:23:33","modified_gmt":"2024-11-15T18:23:33","slug":"melatonina","status":"publish","type":"product","link":"https:\/\/xtralife-ec.com\/en\/product\/melatonina\/","title":{"rendered":"Melatonin"},"content":{"rendered":"<p><em><strong>Benefits of <a href=\"https:\/\/xtralife-ec.com\/en\/product\/melatonina\/\">Melatonin<\/a><\/strong><\/em><\/p>\n<ul>\n<li>Melatonin has an antioxidant effect, so it is able to fight free radicals, which cause cellular aging, and also contributes to the strengthening of the immune system.<\/li>\n<li>Vitamin B6 is important for the synthesis of antibodies, which are essential to protect against diseases.<\/li>\n<li>Vitamin B6 helps to <a href=\"https:\/\/blog.bedoyecta.com.mx\/blog\/10-tips-para-mantener-saludable-tu-sistema-nervioso\">maintain a healthy nervous system,<\/a> normal energy metabolism, normal red blood cell formation, and the formation of red blood cells.<\/li>\n<\/ul>","protected":false},"excerpt":{"rendered":"<p><em><strong>Descripci\u00f3n<\/strong><\/em><\/p>\n<p><span style=\"font-size: 16px;\">Descubre un descanso profundo y de calidad con <\/span><strong style=\"font-size: 16px;\">Melatonina + Vitamina B6 de Xtralife<\/strong><span style=\"font-size: 16px;\">, tu mejor aliado para un sue\u00f1o reparador y revitalizante. La melatonina es una hormona producida naturalmente por el cuerpo, pero factores como el estr\u00e9s, el uso de dispositivos electr\u00f3nicos y los cambios de horario pueden afectar su producci\u00f3n. Estudios demuestran que un 40% de los adultos experimentan problemas de sue\u00f1o regularmente, y aqu\u00ed es donde la melatonina suplementaria puede marcar una diferencia significativa.<\/span><\/p>\n<div class=\"flex max-w-full flex-col flex-grow\">\n<div class=\"min-h-8 text-message flex w-full flex-col items-end gap-2 whitespace-normal break-words [.text-message+&amp;]:mt-5\" dir=\"auto\" data-message-author-role=\"assistant\" data-message-id=\"33de9049-7dd7-408d-9d6c-39136d38f7ef\" data-message-model-slug=\"gpt-4o\">\n<div class=\"flex w-full flex-col gap-1 empty:hidden first:pt-[3px]\">\n<div class=\"markdown prose w-full break-words dark:prose-invert light\">\n<p><strong>\u00bfPor qu\u00e9 combinar melatonina con vitamina B6?<\/strong> La vitamina B6 juega un papel clave en la producci\u00f3n de neurotransmisores como la serotonina, los cuales son precursores naturales de la melatonina en el cerebro. Este suplemento se diferencia por su combinaci\u00f3n eficaz, potenciando los efectos de la melatonina para optimizar el ciclo de sue\u00f1o-vigilia. Adem\u00e1s, la vitamina B6 contribuye a reducir el estr\u00e9s, promueve la relajaci\u00f3n muscular, y prepara tu mente y cuerpo para descansar a profundidad.<\/p>\n<p><strong>Beneficios comprobados de Melatonina + Vitamina B6<\/strong>:<\/p>\n<ul>\n<li><strong>Ajusta el reloj biol\u00f3gico<\/strong>: La melatonina ayuda a sincronizar los ritmos circadianos, promoviendo un sue\u00f1o natural y profundo.<\/li>\n<li><strong>Reducci\u00f3n de tiempo para conciliar el sue\u00f1o<\/strong>: Estudios indican que la melatonina puede reducir el tiempo que tardas en quedarte dormido hasta en un 40%.<\/li>\n<li><strong>Mejor calidad de sue\u00f1o<\/strong>: Gracias a su acci\u00f3n natural, el suplemento fomenta un sue\u00f1o sin interrupciones, ayudando a mejorar la etapa REM, esencial para un descanso \u00f3ptimo.<\/li>\n<li><strong>Relajaci\u00f3n y antiestr\u00e9s<\/strong>: La vitamina B6 potencia la producci\u00f3n de serotonina, conocida como la hormona de la felicidad, contribuyendo a un estado de calma antes de dormir.<\/li>\n<\/ul>\n<p><strong>\u00bfPor qu\u00e9 elegir Xtralife?<\/strong> Nuestro suplemento est\u00e1 formulado con melatonina de alta calidad y una dosis \u00f3ptima de vitamina B6 para asegurar eficacia y seguridad, sin riesgo de dependencia. Este producto es ideal para personas que buscan mejorar su calidad de sue\u00f1o, combatir el insomnio, o simplemente reducir el estr\u00e9s diario.<\/p>\n<p>Aprovecha el poder de <strong>Melatonina + Vitamina B6 de Xtralife<\/strong> y despierta cada ma\u00f1ana sinti\u00e9ndote renovado, lleno de energ\u00eda y con una sensaci\u00f3n de bienestar que perdura.<\/p>\n<\/div>\n<\/div>\n<\/div>\n<\/div>\n<p><em><strong>Dosis:<\/strong><\/em> Adultos, 1 c\u00e1psula antes de dormir<br \/>\n<em><strong>Notificaci\u00f3n Sanitaria:<\/strong><\/em> 12136-ALE-0120<\/p>\n<p>&nbsp;<\/p>\n<p>&nbsp;<\/p>\n","protected":false},"featured_media":2252,"comment_status":"closed","ping_status":"closed","template":"","meta":{"_uag_custom_page_level_css":"","site-sidebar-layout":"default","site-content-layout":"default","ast-site-content-layout":"default","site-content-style":"default","site-sidebar-style":"default","ast-global-header-display":"","ast-banner-title-visibility":"","ast-main-header-display":"","ast-hfb-above-header-display":"","ast-hfb-below-header-display":"","ast-hfb-mobile-header-display":"","site-post-title":"","ast-breadcrumbs-content":"","ast-featured-img":"","footer-sml-layout":"","ast-disable-related-posts":"","theme-transparent-header-meta":"default","adv-header-id-meta":"","stick-header-meta":"","header-above-stick-meta":"","header-main-stick-meta":"","header-below-stick-meta":"","astra-migrate-meta-layouts":"set","ast-page-background-enabled":"default","ast-page-background-meta":{"desktop":{"background-color":"","background-image":"","background-repeat":"repeat","background-position":"center center","background-size":"auto","background-attachment":"scroll","background-type":"","background-media":"","overlay-type":"","overlay-color":"","overlay-opacity":"","overlay-gradient":""},"tablet":{"background-color":"","background-image":"","background-repeat":"repeat","background-position":"center center","background-size":"auto","background-attachment":"scroll","background-type":"","background-media":"","overlay-type":"","overlay-color":"","overlay-opacity":"","overlay-gradient":""},"mobile":{"background-color":"","background-image":"","background-repeat":"repeat","background-position":"center center","background-size":"auto","background-attachment":"scroll","background-type":"","background-media":"","overlay-type":"","overlay-color":"","overlay-opacity":"","overlay-gradient":""}},"ast-content-background-meta":{"desktop":{"background-color":"var(--ast-global-color-5)","background-image":"","background-repeat":"repeat","background-position":"center center","background-size":"auto","background-attachment":"scroll","background-type":"","background-media":"","overlay-type":"","overlay-color":"","overlay-opacity":"","overlay-gradient":""},"tablet":{"background-color":"var(--ast-global-color-5)","background-image":"","background-repeat":"repeat","background-position":"center center","background-size":"auto","background-attachment":"scroll","background-type":"","background-media":"","overlay-type":"","overlay-color":"","overlay-opacity":"","overlay-gradient":""},"mobile":{"background-color":"var(--ast-global-color-5)","background-image":"","background-repeat":"repeat","background-position":"center center","background-size":"auto","background-attachment":"scroll","background-type":"","background-media":"","overlay-type":"","overlay-color":"","overlay-opacity":"","overlay-gradient":""}}},"product_brand":[],"product_cat":[35],"product_tag":[],"class_list":{"0":"post-1316","1":"product","2":"type-product","3":"status-publish","4":"has-post-thumbnail","6":"product_cat-suplementos-alimenticios","7":"desktop-align-left","8":"tablet-align-left","9":"mobile-align-left","11":"first","12":"instock","13":"shipping-taxable","14":"purchasable","15":"product-type-simple"},"yoast_head":"<!-- This site is optimized with the Yoast SEO plugin v27.4 - https:\/\/yoast.com\/product\/yoast-seo-wordpress\/ -->\n<title>Melatonina - Xtralife<\/title>\n<meta name=\"description\" content=\"Melatonina te ayuda a regular el ciclo circadiano y promover un descanso profundo y revitalizante adem\u00e1s envuelve en una sensaci\u00f3n de calma y relajaci\u00f3n.\" \/>\n<meta name=\"robots\" content=\"index, follow, max-snippet:-1, max-image-preview:large, max-video-preview:-1\" \/>\n<link rel=\"canonical\" href=\"https:\/\/xtralife-ec.com\/en\/product\/melatonina\/\" \/>\n<meta property=\"og:locale\" content=\"en_US\" \/>\n<meta property=\"og:type\" content=\"article\" \/>\n<meta property=\"og:title\" content=\"Melatonina - Xtralife\" \/>\n<meta property=\"og:description\" content=\"Melatonina te ayuda a regular el ciclo circadiano y promover un descanso profundo y revitalizante adem\u00e1s envuelve en una sensaci\u00f3n de calma y relajaci\u00f3n.\" \/>\n<meta property=\"og:url\" content=\"https:\/\/xtralife-ec.com\/en\/product\/melatonina\/\" \/>\n<meta property=\"og:site_name\" content=\"Xtralife\" \/>\n<meta property=\"article:publisher\" content=\"https:\/\/www.facebook.com\/XTRALIFEecuador\" \/>\n<meta property=\"article:modified_time\" content=\"2024-11-15T18:23:33+00:00\" \/>\n<meta property=\"og:image\" content=\"https:\/\/xtralife-ec.com\/wp-content\/uploads\/2023\/06\/2-Melatonina-frontal.webp\" \/>\n\t<meta property=\"og:image:width\" content=\"2400\" \/>\n\t<meta property=\"og:image:height\" content=\"2400\" \/>\n\t<meta property=\"og:image:type\" content=\"image\/webp\" \/>\n<meta name=\"twitter:card\" content=\"summary_large_image\" \/>\n<meta name=\"twitter:label1\" content=\"Est. reading time\" \/>\n\t<meta name=\"twitter:data1\" content=\"1 minute\" \/>\n<script type=\"application\/ld+json\" class=\"yoast-schema-graph\">{\"@context\":\"https:\\\/\\\/schema.org\",\"@graph\":[{\"@type\":\"WebPage\",\"@id\":\"https:\\\/\\\/xtralife-ec.com\\\/producto\\\/melatonina\\\/\",\"url\":\"https:\\\/\\\/xtralife-ec.com\\\/producto\\\/melatonina\\\/\",\"name\":\"Melatonina - Xtralife\",\"isPartOf\":{\"@id\":\"https:\\\/\\\/xtralife-ec.com\\\/#website\"},\"primaryImageOfPage\":{\"@id\":\"https:\\\/\\\/xtralife-ec.com\\\/producto\\\/melatonina\\\/#primaryimage\"},\"image\":{\"@id\":\"https:\\\/\\\/xtralife-ec.com\\\/producto\\\/melatonina\\\/#primaryimage\"},\"thumbnailUrl\":\"https:\\\/\\\/i0.wp.com\\\/xtralife-ec.com\\\/wp-content\\\/uploads\\\/2023\\\/06\\\/2-Melatonina-frontal.webp?fit=2400%2C2400&ssl=1\",\"datePublished\":\"2023-06-13T20:48:28+00:00\",\"dateModified\":\"2024-11-15T18:23:33+00:00\",\"description\":\"Melatonina te ayuda a regular el ciclo circadiano y promover un descanso profundo y revitalizante adem\u00e1s envuelve en una sensaci\u00f3n de calma y relajaci\u00f3n.\",\"breadcrumb\":{\"@id\":\"https:\\\/\\\/xtralife-ec.com\\\/producto\\\/melatonina\\\/#breadcrumb\"},\"inLanguage\":\"en-US\",\"potentialAction\":[{\"@type\":\"ReadAction\",\"target\":[\"https:\\\/\\\/xtralife-ec.com\\\/producto\\\/melatonina\\\/\"]}]},{\"@type\":\"ImageObject\",\"inLanguage\":\"en-US\",\"@id\":\"https:\\\/\\\/xtralife-ec.com\\\/producto\\\/melatonina\\\/#primaryimage\",\"url\":\"https:\\\/\\\/i0.wp.com\\\/xtralife-ec.com\\\/wp-content\\\/uploads\\\/2023\\\/06\\\/2-Melatonina-frontal.webp?fit=2400%2C2400&ssl=1\",\"contentUrl\":\"https:\\\/\\\/i0.wp.com\\\/xtralife-ec.com\\\/wp-content\\\/uploads\\\/2023\\\/06\\\/2-Melatonina-frontal.webp?fit=2400%2C2400&ssl=1\",\"width\":2400,\"height\":2400},{\"@type\":\"BreadcrumbList\",\"@id\":\"https:\\\/\\\/xtralife-ec.com\\\/producto\\\/melatonina\\\/#breadcrumb\",\"itemListElement\":[{\"@type\":\"ListItem\",\"position\":1,\"name\":\"Portada\",\"item\":\"https:\\\/\\\/xtralife-ec.com\\\/\"},{\"@type\":\"ListItem\",\"position\":2,\"name\":\"Tienda\",\"item\":\"https:\\\/\\\/xtralife-ec.com\\\/tienda\\\/\"},{\"@type\":\"ListItem\",\"position\":3,\"name\":\"Melatonina\"}]},{\"@type\":\"WebSite\",\"@id\":\"https:\\\/\\\/xtralife-ec.com\\\/#website\",\"url\":\"https:\\\/\\\/xtralife-ec.com\\\/\",\"name\":\"Xtralife\",\"description\":\"\",\"publisher\":{\"@id\":\"https:\\\/\\\/xtralife-ec.com\\\/#organization\"},\"potentialAction\":[{\"@type\":\"SearchAction\",\"target\":{\"@type\":\"EntryPoint\",\"urlTemplate\":\"https:\\\/\\\/xtralife-ec.com\\\/?s={search_term_string}\"},\"query-input\":{\"@type\":\"PropertyValueSpecification\",\"valueRequired\":true,\"valueName\":\"search_term_string\"}}],\"inLanguage\":\"en-US\"},{\"@type\":\"Organization\",\"@id\":\"https:\\\/\\\/xtralife-ec.com\\\/#organization\",\"name\":\"Xtralife\",\"url\":\"https:\\\/\\\/xtralife-ec.com\\\/\",\"logo\":{\"@type\":\"ImageObject\",\"inLanguage\":\"en-US\",\"@id\":\"https:\\\/\\\/xtralife-ec.com\\\/#\\\/schema\\\/logo\\\/image\\\/\",\"url\":\"https:\\\/\\\/i0.wp.com\\\/xtralife-ec.com\\\/wp-content\\\/uploads\\\/2023\\\/06\\\/cropped-cropped-Logopaginaweb-3.png?fit=512%2C303&ssl=1\",\"contentUrl\":\"https:\\\/\\\/i0.wp.com\\\/xtralife-ec.com\\\/wp-content\\\/uploads\\\/2023\\\/06\\\/cropped-cropped-Logopaginaweb-3.png?fit=512%2C303&ssl=1\",\"width\":512,\"height\":303,\"caption\":\"Xtralife\"},\"image\":{\"@id\":\"https:\\\/\\\/xtralife-ec.com\\\/#\\\/schema\\\/logo\\\/image\\\/\"},\"sameAs\":[\"https:\\\/\\\/www.facebook.com\\\/XTRALIFEecuador\",\"https:\\\/\\\/www.instagram.com\\\/xtralife_vitaminas\\\/\",\"https:\\\/\\\/www.tiktok.com\\\/@xtralifevitaminas\"]}]}<\/script>\n<!-- \/ Yoast SEO plugin. -->","yoast_head_json":{"title":"Melatonina - Xtralife","description":"Melatonina te ayuda a regular el ciclo circadiano y promover un descanso profundo y revitalizante adem\u00e1s envuelve en una sensaci\u00f3n de calma y relajaci\u00f3n.","robots":{"index":"index","follow":"follow","max-snippet":"max-snippet:-1","max-image-preview":"max-image-preview:large","max-video-preview":"max-video-preview:-1"},"canonical":"https:\/\/xtralife-ec.com\/en\/product\/melatonina\/","og_locale":"en_US","og_type":"article","og_title":"Melatonina - Xtralife","og_description":"Melatonina te ayuda a regular el ciclo circadiano y promover un descanso profundo y revitalizante adem\u00e1s envuelve en una sensaci\u00f3n de calma y relajaci\u00f3n.","og_url":"https:\/\/xtralife-ec.com\/en\/product\/melatonina\/","og_site_name":"Xtralife","article_publisher":"https:\/\/www.facebook.com\/XTRALIFEecuador","article_modified_time":"2024-11-15T18:23:33+00:00","og_image":[{"width":2400,"height":2400,"url":"https:\/\/xtralife-ec.com\/wp-content\/uploads\/2023\/06\/2-Melatonina-frontal.webp","type":"image\/webp"}],"twitter_card":"summary_large_image","twitter_misc":{"Est. reading time":"1 minute"},"schema":{"@context":"https:\/\/schema.org","@graph":[{"@type":"WebPage","@id":"https:\/\/xtralife-ec.com\/producto\/melatonina\/","url":"https:\/\/xtralife-ec.com\/producto\/melatonina\/","name":"Melatonina - Xtralife","isPartOf":{"@id":"https:\/\/xtralife-ec.com\/#website"},"primaryImageOfPage":{"@id":"https:\/\/xtralife-ec.com\/producto\/melatonina\/#primaryimage"},"image":{"@id":"https:\/\/xtralife-ec.com\/producto\/melatonina\/#primaryimage"},"thumbnailUrl":"https:\/\/i0.wp.com\/xtralife-ec.com\/wp-content\/uploads\/2023\/06\/2-Melatonina-frontal.webp?fit=2400%2C2400&ssl=1","datePublished":"2023-06-13T20:48:28+00:00","dateModified":"2024-11-15T18:23:33+00:00","description":"Melatonina te ayuda a regular el ciclo circadiano y promover un descanso profundo y revitalizante adem\u00e1s envuelve en una sensaci\u00f3n de calma y relajaci\u00f3n.","breadcrumb":{"@id":"https:\/\/xtralife-ec.com\/producto\/melatonina\/#breadcrumb"},"inLanguage":"en-US","potentialAction":[{"@type":"ReadAction","target":["https:\/\/xtralife-ec.com\/producto\/melatonina\/"]}]},{"@type":"ImageObject","inLanguage":"en-US","@id":"https:\/\/xtralife-ec.com\/producto\/melatonina\/#primaryimage","url":"https:\/\/i0.wp.com\/xtralife-ec.com\/wp-content\/uploads\/2023\/06\/2-Melatonina-frontal.webp?fit=2400%2C2400&ssl=1","contentUrl":"https:\/\/i0.wp.com\/xtralife-ec.com\/wp-content\/uploads\/2023\/06\/2-Melatonina-frontal.webp?fit=2400%2C2400&ssl=1","width":2400,"height":2400},{"@type":"BreadcrumbList","@id":"https:\/\/xtralife-ec.com\/producto\/melatonina\/#breadcrumb","itemListElement":[{"@type":"ListItem","position":1,"name":"Portada","item":"https:\/\/xtralife-ec.com\/"},{"@type":"ListItem","position":2,"name":"Tienda","item":"https:\/\/xtralife-ec.com\/tienda\/"},{"@type":"ListItem","position":3,"name":"Melatonina"}]},{"@type":"WebSite","@id":"https:\/\/xtralife-ec.com\/#website","url":"https:\/\/xtralife-ec.com\/","name":"Xtralife","description":"","publisher":{"@id":"https:\/\/xtralife-ec.com\/#organization"},"potentialAction":[{"@type":"SearchAction","target":{"@type":"EntryPoint","urlTemplate":"https:\/\/xtralife-ec.com\/?s={search_term_string}"},"query-input":{"@type":"PropertyValueSpecification","valueRequired":true,"valueName":"search_term_string"}}],"inLanguage":"en-US"},{"@type":"Organization","@id":"https:\/\/xtralife-ec.com\/#organization","name":"Xtralife","url":"https:\/\/xtralife-ec.com\/","logo":{"@type":"ImageObject","inLanguage":"en-US","@id":"https:\/\/xtralife-ec.com\/#\/schema\/logo\/image\/","url":"https:\/\/i0.wp.com\/xtralife-ec.com\/wp-content\/uploads\/2023\/06\/cropped-cropped-Logopaginaweb-3.png?fit=512%2C303&ssl=1","contentUrl":"https:\/\/i0.wp.com\/xtralife-ec.com\/wp-content\/uploads\/2023\/06\/cropped-cropped-Logopaginaweb-3.png?fit=512%2C303&ssl=1","width":512,"height":303,"caption":"Xtralife"},"image":{"@id":"https:\/\/xtralife-ec.com\/#\/schema\/logo\/image\/"},"sameAs":["https:\/\/www.facebook.com\/XTRALIFEecuador","https:\/\/www.instagram.com\/xtralife_vitaminas\/","https:\/\/www.tiktok.com\/@xtralifevitaminas"]}]}},"uagb_featured_image_src":{"full":["https:\/\/i0.wp.com\/xtralife-ec.com\/wp-content\/uploads\/2023\/06\/2-Melatonina-frontal.webp?fit=2400%2C2400&ssl=1",2400,2400,false],"thumbnail":["https:\/\/i0.wp.com\/xtralife-ec.com\/wp-content\/uploads\/2023\/06\/2-Melatonina-frontal.webp?resize=150%2C150&ssl=1",150,150,true],"medium":["https:\/\/i0.wp.com\/xtralife-ec.com\/wp-content\/uploads\/2023\/06\/2-Melatonina-frontal.webp?fit=300%2C300&ssl=1",300,300,true],"medium_large":["https:\/\/i0.wp.com\/xtralife-ec.com\/wp-content\/uploads\/2023\/06\/2-Melatonina-frontal.webp?fit=768%2C768&ssl=1",768,768,true],"large":["https:\/\/i0.wp.com\/xtralife-ec.com\/wp-content\/uploads\/2023\/06\/2-Melatonina-frontal.webp?fit=1024%2C1024&ssl=1",1024,1024,true],"1536x1536":["https:\/\/i0.wp.com\/xtralife-ec.com\/wp-content\/uploads\/2023\/06\/2-Melatonina-frontal.webp?fit=1536%2C1536&ssl=1",1536,1536,true],"2048x2048":["https:\/\/i0.wp.com\/xtralife-ec.com\/wp-content\/uploads\/2023\/06\/2-Melatonina-frontal.webp?fit=2048%2C2048&ssl=1",2048,2048,true],"trp-custom-language-flag":["https:\/\/i0.wp.com\/xtralife-ec.com\/wp-content\/uploads\/2023\/06\/2-Melatonina-frontal.webp?fit=12%2C12&ssl=1",12,12,true],"woocommerce_thumbnail":["https:\/\/i0.wp.com\/xtralife-ec.com\/wp-content\/uploads\/2023\/06\/2-Melatonina-frontal.webp?resize=300%2C300&ssl=1",300,300,true],"woocommerce_single":["https:\/\/i0.wp.com\/xtralife-ec.com\/wp-content\/uploads\/2023\/06\/2-Melatonina-frontal.webp?fit=600%2C600&ssl=1",600,600,true],"woocommerce_gallery_thumbnail":["https:\/\/i0.wp.com\/xtralife-ec.com\/wp-content\/uploads\/2023\/06\/2-Melatonina-frontal.webp?resize=100%2C100&ssl=1",100,100,true]},"uagb_author_info":{"display_name":"Xtralife","author_link":"https:\/\/xtralife-ec.com\/en\/author\/"},"uagb_comment_info":2,"uagb_excerpt":"Descripci\u00f3n Descubre un descanso profundo y de calidad con Melatonina + Vitamina B6 de Xtralife, tu mejor aliado para un sue\u00f1o reparador y revitalizante. La melatonina es una hormona producida naturalmente por el cuerpo, pero factores como el estr\u00e9s, el uso de dispositivos electr\u00f3nicos y los cambios de horario pueden afectar su producci\u00f3n. Estudios demuestran&hellip;","jetpack_sharing_enabled":true,"_links":{"self":[{"href":"https:\/\/xtralife-ec.com\/en\/wp-json\/wp\/v2\/product\/1316","targetHints":{"allow":["GET"]}}],"collection":[{"href":"https:\/\/xtralife-ec.com\/en\/wp-json\/wp\/v2\/product"}],"about":[{"href":"https:\/\/xtralife-ec.com\/en\/wp-json\/wp\/v2\/types\/product"}],"replies":[{"embeddable":true,"href":"https:\/\/xtralife-ec.com\/en\/wp-json\/wp\/v2\/comments?post=1316"}],"wp:featuredmedia":[{"embeddable":true,"href":"https:\/\/xtralife-ec.com\/en\/wp-json\/wp\/v2\/media\/2252"}],"wp:attachment":[{"href":"https:\/\/xtralife-ec.com\/en\/wp-json\/wp\/v2\/media?parent=1316"}],"wp:term":[{"taxonomy":"product_brand","embeddable":true,"href":"https:\/\/xtralife-ec.com\/en\/wp-json\/wp\/v2\/product_brand?post=1316"},{"taxonomy":"product_cat","embeddable":true,"href":"https:\/\/xtralife-ec.com\/en\/wp-json\/wp\/v2\/product_cat?post=1316"},{"taxonomy":"product_tag","embeddable":true,"href":"https:\/\/xtralife-ec.com\/en\/wp-json\/wp\/v2\/product_tag?post=1316"}],"curies":[{"name":"wp","href":"https:\/\/api.w.org\/{rel}","templated":true}]}}